{"id":6462,"date":"2026-01-21T22:49:37","date_gmt":"2026-01-21T21:49:37","guid":{"rendered":"https:\/\/eskey.eu\/?post_type=product&#038;p=6462"},"modified":"2026-03-17T17:24:36","modified_gmt":"2026-03-17T16:24:36","slug":"s1-boodschappentrolley-zwart","status":"publish","type":"product","link":"https:\/\/eskey.eu\/nl\/product\/s1-boodschappentrolley-zwart\/","title":{"rendered":"S1 Boodschappentrolley | Zwart"},"content":{"rendered":"\t\t<div data-elementor-type=\"wp-post\" data-elementor-id=\"6462\" class=\"elementor elementor-6462\">\n\t\t\t\t\t\t<section class=\"elementor-section elementor-top-section elementor-element elementor-element-86d54fb elementor-section-boxed elementor-section-height-default elementor-section-height-default\" data-id=\"86d54fb\" data-element_type=\"section\" data-e-type=\"section\">\n\t\t\t\t\t\t<div class=\"elementor-container elementor-column-gap-default\">\n\t\t\t\t\t<div class=\"elementor-column elementor-col-100 elementor-top-column elementor-element elementor-element-f38918e\" data-id=\"f38918e\" data-element_type=\"column\" data-e-type=\"column\">\n\t\t\t<div class=\"elementor-widget-wrap elementor-element-populated\">\n\t\t\t\t\t\t<section class=\"elementor-section elementor-inner-section elementor-element elementor-element-5fcd0c4 elementor-section-boxed elementor-section-height-default elementor-section-height-default\" data-id=\"5fcd0c4\" data-element_type=\"section\" data-e-type=\"section\">\n\t\t\t\t\t\t<div class=\"elementor-container elementor-column-gap-default\">\n\t\t\t\t\t<div class=\"elementor-column elementor-col-50 elementor-inner-column elementor-element elementor-element-ea7e5d0\" data-id=\"ea7e5d0\" data-element_type=\"column\" data-e-type=\"column\">\n\t\t\t<div class=\"elementor-widget-wrap elementor-element-populated\">\n\t\t\t\t\t\t<div class=\"elementor-element elementor-element-7d7c53e elementor-widget__width-initial elementor-widget elementor-widget-text-editor\" data-id=\"7d7c53e\" data-element_type=\"widget\" data-e-type=\"widget\" data-widget_type=\"text-editor.default\">\n\t\t\t\t\t\t\t\t\t<h1 data-path-to-node=\"1\"><b data-path-to-node=\"1\" data-index-in-node=\"0\">Multifunctionele Boodschappentrolley: Waterdicht &#8211; Opvouwbare<\/b><\/h1><p data-path-to-node=\"2\">De multifunctionele Eskey\u00ae boodschappentrolley is ontworpen om het boodschappen doen makkelijker en comfortabeler te maken. De trolley is gemaakt van waterdicht en UV-bestendig 600D Oxford-materiaal en beschikt over een ge\u00efsoleerd koelvak, zodat uw boodschappen in weer en wind beschermd blijven. Of u nu koude drankjes of warme maaltijden vervoert, de Eskey\u00ae houdt uw producten altijd op de ideale temperatuur.<br \/><br \/><\/p>\t\t\t\t\t\t\t\t<\/div>\n\t\t\t\t<div class=\"elementor-element elementor-element-6fae864 elementor-widget elementor-widget-html\" data-id=\"6fae864\" data-element_type=\"widget\" data-e-type=\"widget\" data-widget_type=\"html.default\">\n\t\t\t\t\t<style>\r\n    \/* Sadece bu kart\u0131n i\u00e7indeki kutu modelini ayarlar, siteyi bozmaz *\/\r\n    .spec-card, .spec-card * {\r\n        box-sizing: border-box;\r\n    }\r\n\r\n    \/* Kart Ta\u015f\u0131y\u0131c\u0131s\u0131 *\/\r\n    .spec-card {\r\n        display: grid;\r\n        grid-template-columns: 1fr 1fr; \/* \u0130ki e\u015fit kolon *\/\r\n        background-color: #f8f9fa; \r\n        border-radius: 6px;\r\n        padding: 0px; \/* D\u0131\u015f \u00e7er\u00e7eve bo\u015flu\u011funu da biraz azaltt\u0131m *\/\r\n        max-width: 700px;\r\n        width: 100%;\r\n        color: #333;\r\n        font-family: 'Segoe UI', Roboto, Helvetica, Arial, sans-serif;\r\n        margin: 0 auto; \r\n    }\r\n\r\n    \/* Grid Elemanlar\u0131 *\/\r\n    .spec-item {\r\n        display: flex;\r\n        align-items: center; \r\n        \/* G\u00dcNCELLEND\u0130: \u00dcst-Alt 8px, Sa\u011f-Sol 15px *\/\r\n        padding: 6px 12px; \r\n        gap: 20px; \r\n    }\r\n\r\n    \/* Kenarl\u0131klar *\/\r\n    .spec-item:nth-child(1) {\r\n        border-right: 1px solid #e0e0e0;\r\n        border-bottom: 1px solid #e0e0e0;\r\n    }\r\n    .spec-item:nth-child(2) {\r\n        border-bottom: 1px solid #e0e0e0;\r\n    }\r\n    .spec-item:nth-child(3) {\r\n        border-right: 1px solid #e0e0e0;\r\n    }\r\n\r\n    \/* \u0130kon Kutusu (48x48 Sabit) *\/\r\n    .icon-box {\r\n        flex-shrink: 0;\r\n        width: 48px;\r\n        height: 48px;\r\n        display: flex;\r\n        justify-content: center;\r\n        align-items: center;\r\n    }\r\n\r\n    .icon-box img {\r\n        width: 100%;\r\n        height: 100%;\r\n        object-fit: contain; \r\n        display: block;\r\n    }\r\n\r\n    \/* Yaz\u0131 Alan\u0131 *\/\r\n    .text-content {\r\n        display: flex;\r\n        flex-direction: column;\r\n        gap: 2px; \/* Yaz\u0131lar aras\u0131 bo\u015flu\u011fu da hafif k\u0131st\u0131m *\/\r\n    }\r\n\r\n    .label {\r\n        font-size: 0.85rem;\r\n        color: #666;\r\n        font-weight: 400;\r\n        margin: 0;\r\n    }\r\n\r\n    .value {\r\n        font-size: 1.1rem;\r\n        color: #222;\r\n        font-weight: 400;\r\n        line-height: 1.3;\r\n        margin: 0;\r\n    }\r\n\r\n    \/* Mobil *\/\r\n    @media (max-width: 600px) {\r\n        .spec-card {\r\n            grid-template-columns: 1fr; \r\n        }\r\n        .spec-item {\r\n            border-right: none !important;\r\n            border-bottom: 1px solid #e0e0e0;\r\n            padding: 12px 15px; \/* Mobilde t\u0131klama alan\u0131 i\u00e7in biraz daha rahat b\u0131rakt\u0131m *\/\r\n        }\r\n        .spec-item:last-child {\r\n            border-bottom: none;\r\n        }\r\n    }\r\n<\/style>\r\n\r\n<div class=\"spec-card\">\r\n    \r\n    <div class=\"spec-item\">\r\n        <div class=\"icon-box\">\r\n            <img decoding=\"async\" src=\"https:\/\/eskey.eu\/wp-content\/uploads\/2025\/12\/size_icon_6b85a8b0-79f7-473d-8f7b-4c6f05175c91.svg\" alt=\"Size Icon\">\r\n        <\/div>\r\n        <div class=\"text-content\">\r\n            <span class=\"label\">Afmetingen (hoogte x breedte x diepte)<\/span>\r\n            <span class=\"value\">49 x 20 x 17cm<\/span>\r\n        <\/div>\r\n    <\/div>\r\n\r\n    <div class=\"spec-item\">\r\n        <div class=\"icon-box\">\r\n            <img decoding=\"async\" src=\"https:\/\/eskey.eu\/wp-content\/uploads\/2025\/12\/backpack_8736391.png\" alt=\"Backpack Icon\">\r\n        <\/div>\r\n        <div class=\"text-content\">\r\n            <span class=\"label\">Liter<\/span>\r\n            <span class=\"value\">50L<\/span>\r\n        <\/div>\r\n    <\/div>\r\n\r\n    <div class=\"spec-item\">\r\n        <div class=\"icon-box\">\r\n            <img decoding=\"async\" src=\"https:\/\/eskey.eu\/wp-content\/uploads\/2025\/12\/weight_icon_199b7238-7d24-43e3-99ee-20c36962c239.svg\" alt=\"Weight Icon\">\r\n        <\/div>\r\n        <div class=\"text-content\">\r\n            <span class=\"label\">Gewicht<\/span>\r\n            <span class=\"value\">3.2kg<\/span>\r\n        <\/div>\r\n    <\/div>\r\n\r\n    <div class=\"spec-item\">\r\n        <div class=\"icon-box\">\r\n            <img decoding=\"async\" src=\"https:\/\/eskey.eu\/wp-content\/uploads\/2025\/12\/foldable.svg\" alt=\"Foldable Icon\">\r\n        <\/div>\r\n        <div class=\"text-content\">\r\n            <span class=\"label\">Opvouwbaar<\/span>\r\n            <span class=\"value\">Compact<\/span>\r\n        <\/div>\r\n    <\/div>\r\n\r\n<\/div>\t\t\t\t<\/div>\n\t\t\t\t<div class=\"elementor-element elementor-element-ca19c25 elementor-widget__width-initial elementor-widget elementor-widget-text-editor\" data-id=\"ca19c25\" data-element_type=\"widget\" data-e-type=\"widget\" data-widget_type=\"text-editor.default\">\n\t\t\t\t\t\t\t\t\t<div><article dir=\"auto\" tabindex=\"-1\" data-turn-id=\"request-WEB:78cd7354-2c7b-4ebc-9efd-0da08fc0092e-1\" data-testid=\"conversation-turn-4\" data-scroll-anchor=\"true\" data-turn=\"assistant\"><div tabindex=\"-1\"><div dir=\"auto\" data-message-author-role=\"assistant\" data-message-id=\"1e5b6e9a-6526-43e2-8320-63581ee850a9\" data-message-model-slug=\"gpt-5-2\"><h1 data-start=\"439\" data-end=\"638\"><b data-path-to-node=\"1\" data-index-in-node=\"0\">Lichtgewicht en Inklapbaar Ontwerp<\/b><\/h1><p data-start=\"439\" data-end=\"638\">Het inklapbare model past perfect in uw kofferbak of kast. Geen rommel, maximaal gemak. Zeg vaarwel tegen zwaar sjouwen; het lichtgewicht frame is zo ontworpen dat u het in een handomdraai inklapt.<\/p><\/div><\/div><\/article><\/div>\t\t\t\t\t\t\t\t<\/div>\n\t\t\t\t\t<\/div>\n\t\t<\/div>\n\t\t\t\t<div class=\"elementor-column elementor-col-50 elementor-inner-column elementor-element elementor-element-fa47114\" data-id=\"fa47114\" data-element_type=\"column\" data-e-type=\"column\">\n\t\t\t<div class=\"elementor-widget-wrap elementor-element-populated\">\n\t\t\t\t\t\t<div class=\"elementor-element elementor-element-02f5ac6 gif-radius elementor-widget elementor-widget-video\" data-id=\"02f5ac6\" data-element_type=\"widget\" data-e-type=\"widget\" data-settings=\"{&quot;video_type&quot;:&quot;hosted&quot;,&quot;autoplay&quot;:&quot;yes&quot;,&quot;play_on_mobile&quot;:&quot;yes&quot;,&quot;mute&quot;:&quot;yes&quot;,&quot;loop&quot;:&quot;yes&quot;}\" data-widget_type=\"video.default\">\n\t\t\t\t\t\t\t<div class=\"e-hosted-video elementor-wrapper elementor-open-inline\">\n\t\t\t\t\t<video class=\"elementor-video\" src=\"https:\/\/eskey.eu\/wp-content\/uploads\/2025\/11\/Shopping-Trolley-Multifunctional-V2-Mp4.mp4\" autoplay=\"\" loop=\"\" muted=\"muted\" playsinline=\"\" controlsList=\"nodownload\"><\/video>\n\t\t\t\t<\/div>\n\t\t\t\t\t\t<\/div>\n\t\t\t\t\t<\/div>\n\t\t<\/div>\n\t\t\t\t\t<\/div>\n\t\t<\/section>\n\t\t\t\t<div class=\"elementor-element elementor-element-a340b4d elementor-widget elementor-widget-text-editor\" data-id=\"a340b4d\" data-element_type=\"widget\" data-e-type=\"widget\" data-widget_type=\"text-editor.default\">\n\t\t\t\t\t\t\t\t\t<h1>Ontworpen voor uw Benodigdheden: Georganiseerd &amp; Slim<\/h1><p>Nooit meer graven in uw tas. De Eskey\u00ae trolley houdt alles op orde met een veilig achtervak met rits voor uw waardevolle spullen. Gebruik de ruime zijvakken voor uw waterfles of paraplu. Praktisch, veilig en ontworpen om uw spullen binnen handbereik te houden.<\/p>\t\t\t\t\t\t\t\t<\/div>\n\t\t\t\t<div class=\"elementor-element elementor-element-cc22d92 gif-radius elementor-widget elementor-widget-image\" data-id=\"cc22d92\" data-element_type=\"widget\" data-e-type=\"widget\" data-widget_type=\"image.default\">\n\t\t\t\t\t\t\t\t\t\t\t\t\t\t\t<img fetchpriority=\"high\" decoding=\"async\" width=\"1536\" height=\"563\" src=\"https:\/\/eskey.eu\/wp-content\/uploads\/2025\/12\/Freshness-on-the-Go-1-1536x563.jpg\" class=\"attachment-1536x1536 size-1536x1536 wp-image-4915\" alt=\"\" srcset=\"https:\/\/eskey.eu\/wp-content\/uploads\/2025\/12\/Freshness-on-the-Go-1-1536x563.jpg 1536w, https:\/\/eskey.eu\/wp-content\/uploads\/2025\/12\/Freshness-on-the-Go-1-350x128.jpg 350w, https:\/\/eskey.eu\/wp-content\/uploads\/2025\/12\/Freshness-on-the-Go-1-595x218.jpg 595w, https:\/\/eskey.eu\/wp-content\/uploads\/2025\/12\/Freshness-on-the-Go-1-150x55.jpg 150w, https:\/\/eskey.eu\/wp-content\/uploads\/2025\/12\/Freshness-on-the-Go-1-768x282.jpg 768w, https:\/\/eskey.eu\/wp-content\/uploads\/2025\/12\/Freshness-on-the-Go-1-450x165.jpg 450w, https:\/\/eskey.eu\/wp-content\/uploads\/2025\/12\/Freshness-on-the-Go-1.jpg 1920w\" sizes=\"(max-width: 1536px) 100vw, 1536px\" \/>\t\t\t\t\t\t\t\t\t\t\t\t\t\t\t<\/div>\n\t\t\t\t<div class=\"elementor-element elementor-element-567ce9b gif-radius elementor-widget elementor-widget-text-editor\" data-id=\"567ce9b\" data-element_type=\"widget\" data-e-type=\"widget\" data-widget_type=\"text-editor.default\">\n\t\t\t\t\t\t\t\t\t<h1>Maximale Laadruimte<\/h1><p>Laat niets achter. Met een royale capaciteit van 50 liter vervoert de Eskey boodschappentrolley met gemak grote verpakkingen en uw wekelijkse boodschappen in \u00e9\u00e9n keer.<\/p><h1 style=\"text-align: left;\">Zichtbaarheid in het Donker<\/h1><p style=\"text-align: left;\">Ga veilig over straat in de avonduren. <strong>De trolley<\/strong> is voorzien van ge\u00efntegreerde <strong>reflecterende accenten<\/strong> die duidelijk opvallen tegen de zwarte stof. Zo blijft u tijdens avondwandelingen goed zichtbaar voor automobilisten en fietsers.<\/p>\t\t\t\t\t\t\t\t<\/div>\n\t\t\t\t\t<\/div>\n\t\t<\/div>\n\t\t\t\t\t<\/div>\n\t\t<\/section>\n\t\t\t\t<\/div>\n\t\t","protected":false},"excerpt":{"rendered":"<p>Multifunctionele Boodschappentrolley: Waterdicht &#8211; Opvouwbare De multifunctionele Eskey\u00ae boodschappentrolley is ontworpen om het boodschappen doen makkelijker en comfortabeler te maken. De trolley is gemaakt van waterdicht en UV-bestendig 600D Oxford-materiaal en beschikt over een ge\u00efsoleerd koelvak, zodat uw boodschappen in weer en wind beschermd blijven. Of u nu koude drankjes of warme maaltijden vervoert, de [&hellip;]<\/p>\n","protected":false},"featured_media":4018,"comment_status":"closed","ping_status":"closed","template":"","meta":[],"product_brand":[],"product_cat":[241],"product_tag":[],"class_list":{"0":"post-6462","1":"product","2":"type-product","3":"status-publish","4":"has-post-thumbnail","6":"product_cat-boodschappentrolley","8":"first","9":"instock","10":"sale","11":"taxable","12":"shipping-taxable","13":"purchasable","14":"product-type-simple"},"yoast_head":"<!-- This site is optimized with the Yoast SEO plugin v26.9 - https:\/\/yoast.com\/product\/yoast-seo-wordpress\/ -->\n<title>Eskey S1 Black \u2013 Waterdichte Opvouwbare Boodschappentrolley<\/title>\n<meta name=\"description\" content=\"Ontdek de Eskey S1 Black. 50L waterdichte, opvouwbare boodschappenkar met stille wielen en reflectoren. Ideaal voor elk weertype. Gratis EU verzending!\" \/>\n<meta name=\"robots\" content=\"index, follow, max-snippet:-1, max-image-preview:large, max-video-preview:-1\" \/>\n<link rel=\"canonical\" href=\"https:\/\/eskey.eu\/nl\/product\/s1-boodschappentrolley-zwart\/\" \/>\n<meta property=\"og:locale\" content=\"nl_NL\" \/>\n<meta property=\"og:type\" content=\"article\" \/>\n<meta property=\"og:title\" content=\"Eskey S1 Black \u2013 Waterdichte Opvouwbare Boodschappentrolley\" \/>\n<meta property=\"og:description\" content=\"Ontdek de Eskey S1 Black. 50L waterdichte, opvouwbare boodschappenkar met stille wielen en reflectoren. Ideaal voor elk weertype. Gratis EU verzending!\" \/>\n<meta property=\"og:url\" content=\"https:\/\/eskey.eu\/nl\/product\/s1-boodschappentrolley-zwart\/\" \/>\n<meta property=\"og:site_name\" content=\"Eskey \u2013 Official\u00ae EU Webstore for Foldable Shopping Trolleys\" \/>\n<meta property=\"article:publisher\" content=\"https:\/\/www.facebook.com\/profile.php?id=61572412692300\" \/>\n<meta property=\"article:modified_time\" content=\"2026-03-17T16:24:36+00:00\" \/>\n<meta property=\"og:image\" content=\"https:\/\/eskey.eu\/wp-content\/uploads\/2025\/11\/main-1-scaled.jpg\" \/>\n\t<meta property=\"og:image:width\" content=\"2560\" \/>\n\t<meta property=\"og:image:height\" content=\"2560\" \/>\n\t<meta property=\"og:image:type\" content=\"image\/jpeg\" \/>\n<meta name=\"twitter:card\" content=\"summary_large_image\" \/>\n<meta name=\"twitter:label1\" content=\"Geschatte leestijd\" \/>\n\t<meta name=\"twitter:data1\" content=\"3 minuten\" \/>\n<script type=\"application\/ld+json\" class=\"yoast-schema-graph\">{\"@context\":\"https:\/\/schema.org\",\"@graph\":[{\"@type\":\"WebPage\",\"@id\":\"https:\/\/eskey.eu\/nl\/product\/s1-boodschappentrolley-zwart\/\",\"url\":\"https:\/\/eskey.eu\/nl\/product\/s1-boodschappentrolley-zwart\/\",\"name\":\"Eskey S1 Black \u2013 Waterdichte Opvouwbare Boodschappentrolley\",\"isPartOf\":{\"@id\":\"https:\/\/eskey.eu\/#website\"},\"primaryImageOfPage\":{\"@id\":\"https:\/\/eskey.eu\/nl\/product\/s1-boodschappentrolley-zwart\/#primaryimage\"},\"image\":{\"@id\":\"https:\/\/eskey.eu\/nl\/product\/s1-boodschappentrolley-zwart\/#primaryimage\"},\"thumbnailUrl\":\"https:\/\/eskey.eu\/wp-content\/uploads\/2025\/11\/main-1-scaled.jpg\",\"datePublished\":\"2026-01-21T21:49:37+00:00\",\"dateModified\":\"2026-03-17T16:24:36+00:00\",\"description\":\"Ontdek de Eskey S1 Black. 50L waterdichte, opvouwbare boodschappenkar met stille wielen en reflectoren. Ideaal voor elk weertype. Gratis EU verzending!\",\"breadcrumb\":{\"@id\":\"https:\/\/eskey.eu\/nl\/product\/s1-boodschappentrolley-zwart\/#breadcrumb\"},\"inLanguage\":\"nl-NL\",\"potentialAction\":[{\"@type\":\"ReadAction\",\"target\":[\"https:\/\/eskey.eu\/nl\/product\/s1-boodschappentrolley-zwart\/\"]}]},{\"@type\":\"ImageObject\",\"inLanguage\":\"nl-NL\",\"@id\":\"https:\/\/eskey.eu\/nl\/product\/s1-boodschappentrolley-zwart\/#primaryimage\",\"url\":\"https:\/\/eskey.eu\/wp-content\/uploads\/2025\/11\/main-1-scaled.jpg\",\"contentUrl\":\"https:\/\/eskey.eu\/wp-content\/uploads\/2025\/11\/main-1-scaled.jpg\",\"width\":2560,\"height\":2560},{\"@type\":\"BreadcrumbList\",\"@id\":\"https:\/\/eskey.eu\/nl\/product\/s1-boodschappentrolley-zwart\/#breadcrumb\",\"itemListElement\":[{\"@type\":\"ListItem\",\"position\":1,\"name\":\"Home\",\"item\":\"https:\/\/eskey.eu\/nl\/\"},{\"@type\":\"ListItem\",\"position\":2,\"name\":\"Winkel\",\"item\":\"https:\/\/eskey.eu\/nl\/winkel\/\"},{\"@type\":\"ListItem\",\"position\":3,\"name\":\"S1 Boodschappentrolley | Zwart\"}]},{\"@type\":\"WebSite\",\"@id\":\"https:\/\/eskey.eu\/#website\",\"url\":\"https:\/\/eskey.eu\/\",\"name\":\"Eskey \u2013 Official\u00ae EU Webstore for Foldable Shopping Trolleys\",\"description\":\"\",\"publisher\":{\"@id\":\"https:\/\/eskey.eu\/#organization\"},\"potentialAction\":[{\"@type\":\"SearchAction\",\"target\":{\"@type\":\"EntryPoint\",\"urlTemplate\":\"https:\/\/eskey.eu\/?s={search_term_string}\"},\"query-input\":{\"@type\":\"PropertyValueSpecification\",\"valueRequired\":true,\"valueName\":\"search_term_string\"}}],\"inLanguage\":\"nl-NL\"},{\"@type\":\"Organization\",\"@id\":\"https:\/\/eskey.eu\/#organization\",\"name\":\"Eskey\u00ae \u2013 Premium & Opvouwbare Boodschappentrolleys | Offici\u00eble Shop\",\"url\":\"https:\/\/eskey.eu\/\",\"logo\":{\"@type\":\"ImageObject\",\"inLanguage\":\"nl-NL\",\"@id\":\"https:\/\/eskey.eu\/#\/schema\/logo\/image\/\",\"url\":\"https:\/\/eskey.eu\/wp-content\/uploads\/2025\/11\/black.webp\",\"contentUrl\":\"https:\/\/eskey.eu\/wp-content\/uploads\/2025\/11\/black.webp\",\"width\":1600,\"height\":581,\"caption\":\"Eskey\u00ae \u2013 Premium & Opvouwbare Boodschappentrolleys | Offici\u00eble Shop\"},\"image\":{\"@id\":\"https:\/\/eskey.eu\/#\/schema\/logo\/image\/\"},\"sameAs\":[\"https:\/\/www.facebook.com\/profile.php?id=61572412692300\"]}]}<\/script>\n<!-- \/ Yoast SEO plugin. -->","yoast_head_json":{"title":"Eskey S1 Black \u2013 Waterdichte Opvouwbare Boodschappentrolley","description":"Ontdek de Eskey S1 Black. 50L waterdichte, opvouwbare boodschappenkar met stille wielen en reflectoren. Ideaal voor elk weertype. Gratis EU verzending!","robots":{"index":"index","follow":"follow","max-snippet":"max-snippet:-1","max-image-preview":"max-image-preview:large","max-video-preview":"max-video-preview:-1"},"canonical":"https:\/\/eskey.eu\/nl\/product\/s1-boodschappentrolley-zwart\/","og_locale":"nl_NL","og_type":"article","og_title":"Eskey S1 Black \u2013 Waterdichte Opvouwbare Boodschappentrolley","og_description":"Ontdek de Eskey S1 Black. 50L waterdichte, opvouwbare boodschappenkar met stille wielen en reflectoren. Ideaal voor elk weertype. Gratis EU verzending!","og_url":"https:\/\/eskey.eu\/nl\/product\/s1-boodschappentrolley-zwart\/","og_site_name":"Eskey \u2013 Official\u00ae EU Webstore for Foldable Shopping Trolleys","article_publisher":"https:\/\/www.facebook.com\/profile.php?id=61572412692300","article_modified_time":"2026-03-17T16:24:36+00:00","og_image":[{"width":2560,"height":2560,"url":"https:\/\/eskey.eu\/wp-content\/uploads\/2025\/11\/main-1-scaled.jpg","type":"image\/jpeg"}],"twitter_card":"summary_large_image","twitter_misc":{"Geschatte leestijd":"3 minuten"},"schema":{"@context":"https:\/\/schema.org","@graph":[{"@type":"WebPage","@id":"https:\/\/eskey.eu\/nl\/product\/s1-boodschappentrolley-zwart\/","url":"https:\/\/eskey.eu\/nl\/product\/s1-boodschappentrolley-zwart\/","name":"Eskey S1 Black \u2013 Waterdichte Opvouwbare Boodschappentrolley","isPartOf":{"@id":"https:\/\/eskey.eu\/#website"},"primaryImageOfPage":{"@id":"https:\/\/eskey.eu\/nl\/product\/s1-boodschappentrolley-zwart\/#primaryimage"},"image":{"@id":"https:\/\/eskey.eu\/nl\/product\/s1-boodschappentrolley-zwart\/#primaryimage"},"thumbnailUrl":"https:\/\/eskey.eu\/wp-content\/uploads\/2025\/11\/main-1-scaled.jpg","datePublished":"2026-01-21T21:49:37+00:00","dateModified":"2026-03-17T16:24:36+00:00","description":"Ontdek de Eskey S1 Black. 50L waterdichte, opvouwbare boodschappenkar met stille wielen en reflectoren. Ideaal voor elk weertype. Gratis EU verzending!","breadcrumb":{"@id":"https:\/\/eskey.eu\/nl\/product\/s1-boodschappentrolley-zwart\/#breadcrumb"},"inLanguage":"nl-NL","potentialAction":[{"@type":"ReadAction","target":["https:\/\/eskey.eu\/nl\/product\/s1-boodschappentrolley-zwart\/"]}]},{"@type":"ImageObject","inLanguage":"nl-NL","@id":"https:\/\/eskey.eu\/nl\/product\/s1-boodschappentrolley-zwart\/#primaryimage","url":"https:\/\/eskey.eu\/wp-content\/uploads\/2025\/11\/main-1-scaled.jpg","contentUrl":"https:\/\/eskey.eu\/wp-content\/uploads\/2025\/11\/main-1-scaled.jpg","width":2560,"height":2560},{"@type":"BreadcrumbList","@id":"https:\/\/eskey.eu\/nl\/product\/s1-boodschappentrolley-zwart\/#breadcrumb","itemListElement":[{"@type":"ListItem","position":1,"name":"Home","item":"https:\/\/eskey.eu\/nl\/"},{"@type":"ListItem","position":2,"name":"Winkel","item":"https:\/\/eskey.eu\/nl\/winkel\/"},{"@type":"ListItem","position":3,"name":"S1 Boodschappentrolley | Zwart"}]},{"@type":"WebSite","@id":"https:\/\/eskey.eu\/#website","url":"https:\/\/eskey.eu\/","name":"Eskey \u2013 Official\u00ae EU Webstore for Foldable Shopping Trolleys","description":"","publisher":{"@id":"https:\/\/eskey.eu\/#organization"},"potentialAction":[{"@type":"SearchAction","target":{"@type":"EntryPoint","urlTemplate":"https:\/\/eskey.eu\/?s={search_term_string}"},"query-input":{"@type":"PropertyValueSpecification","valueRequired":true,"valueName":"search_term_string"}}],"inLanguage":"nl-NL"},{"@type":"Organization","@id":"https:\/\/eskey.eu\/#organization","name":"Eskey\u00ae \u2013 Premium & Opvouwbare Boodschappentrolleys | Offici\u00eble Shop","url":"https:\/\/eskey.eu\/","logo":{"@type":"ImageObject","inLanguage":"nl-NL","@id":"https:\/\/eskey.eu\/#\/schema\/logo\/image\/","url":"https:\/\/eskey.eu\/wp-content\/uploads\/2025\/11\/black.webp","contentUrl":"https:\/\/eskey.eu\/wp-content\/uploads\/2025\/11\/black.webp","width":1600,"height":581,"caption":"Eskey\u00ae \u2013 Premium & Opvouwbare Boodschappentrolleys | Offici\u00eble Shop"},"image":{"@id":"https:\/\/eskey.eu\/#\/schema\/logo\/image\/"},"sameAs":["https:\/\/www.facebook.com\/profile.php?id=61572412692300"]}]}},"_links":{"self":[{"href":"https:\/\/eskey.eu\/nl\/wp-json\/wp\/v2\/product\/6462","targetHints":{"allow":["GET"]}}],"collection":[{"href":"https:\/\/eskey.eu\/nl\/wp-json\/wp\/v2\/product"}],"about":[{"href":"https:\/\/eskey.eu\/nl\/wp-json\/wp\/v2\/types\/product"}],"replies":[{"embeddable":true,"href":"https:\/\/eskey.eu\/nl\/wp-json\/wp\/v2\/comments?post=6462"}],"version-history":[{"count":7,"href":"https:\/\/eskey.eu\/nl\/wp-json\/wp\/v2\/product\/6462\/revisions"}],"predecessor-version":[{"id":6799,"href":"https:\/\/eskey.eu\/nl\/wp-json\/wp\/v2\/product\/6462\/revisions\/6799"}],"wp:featuredmedia":[{"embeddable":true,"href":"https:\/\/eskey.eu\/nl\/wp-json\/wp\/v2\/media\/4018"}],"wp:attachment":[{"href":"https:\/\/eskey.eu\/nl\/wp-json\/wp\/v2\/media?parent=6462"}],"wp:term":[{"taxonomy":"product_brand","embeddable":true,"href":"https:\/\/eskey.eu\/nl\/wp-json\/wp\/v2\/product_brand?post=6462"},{"taxonomy":"product_cat","embeddable":true,"href":"https:\/\/eskey.eu\/nl\/wp-json\/wp\/v2\/product_cat?post=6462"},{"taxonomy":"product_tag","embeddable":true,"href":"https:\/\/eskey.eu\/nl\/wp-json\/wp\/v2\/product_tag?post=6462"}],"curies":[{"name":"wp","href":"https:\/\/api.w.org\/{rel}","templated":true}]}}