{"id":6456,"date":"2026-01-21T22:38:55","date_gmt":"2026-01-21T21:38:55","guid":{"rendered":"https:\/\/eskey.eu\/?post_type=product&#038;p=6456"},"modified":"2026-03-17T17:29:28","modified_gmt":"2026-03-17T16:29:28","slug":"s1-boodschappentrolley-cloud-gray","status":"publish","type":"product","link":"https:\/\/eskey.eu\/nl\/product\/s1-boodschappentrolley-cloud-gray\/","title":{"rendered":"S1 Boodschappentrolley | Cloud Gray"},"content":{"rendered":"\t\t<div data-elementor-type=\"wp-post\" data-elementor-id=\"6456\" class=\"elementor elementor-6456\">\n\t\t\t\t\t\t<section class=\"elementor-section elementor-top-section elementor-element elementor-element-b2a0df6 elementor-section-boxed elementor-section-height-default elementor-section-height-default\" data-id=\"b2a0df6\" data-element_type=\"section\" data-e-type=\"section\">\n\t\t\t\t\t\t<div class=\"elementor-container elementor-column-gap-default\">\n\t\t\t\t\t<div class=\"elementor-column elementor-col-100 elementor-top-column elementor-element elementor-element-aad170b\" data-id=\"aad170b\" data-element_type=\"column\" data-e-type=\"column\">\n\t\t\t<div class=\"elementor-widget-wrap elementor-element-populated\">\n\t\t\t\t\t\t<section class=\"elementor-section elementor-inner-section elementor-element elementor-element-f18ece0 elementor-section-boxed elementor-section-height-default elementor-section-height-default\" data-id=\"f18ece0\" data-element_type=\"section\" data-e-type=\"section\">\n\t\t\t\t\t\t<div class=\"elementor-container elementor-column-gap-default\">\n\t\t\t\t\t<div class=\"elementor-column elementor-col-50 elementor-inner-column elementor-element elementor-element-177ef05\" data-id=\"177ef05\" data-element_type=\"column\" data-e-type=\"column\">\n\t\t\t<div class=\"elementor-widget-wrap elementor-element-populated\">\n\t\t\t\t\t\t<div class=\"elementor-element elementor-element-654cdb7 elementor-widget__width-initial elementor-widget elementor-widget-text-editor\" data-id=\"654cdb7\" data-element_type=\"widget\" data-e-type=\"widget\" data-widget_type=\"text-editor.default\">\n\t\t\t\t\t\t\t\t\t<h1>Multifunctionele Boodschappentrolley:<\/h1><p data-path-to-node=\"4\"><b data-path-to-node=\"4\" data-index-in-node=\"0\">Comfort en Moderne Stijl<\/b> De Eskey\u00ae multifunctionele boodschappentrolley is ontworpen om elke winkeltrip makkelijker en comfortabeler te maken.<\/p><p data-path-to-node=\"5\">Til uw dagelijkse boodschappen naar een hoger niveau met de Eskey\u00ae trolley in een strakke <b data-path-to-node=\"5\" data-index-in-node=\"90\">Cloud Gray<\/b> afwerking. Deze lichtgewicht kar is ontworpen voor de moderne shopper en voorzien van waterdichte, UV-bestendige 600D Oxford-stof en een slim ge\u00efsoleerd vak. Of het nu gaat om diepvriesproducten of warme maaltijden, alles blijft op de perfecte temperatuur.<\/p>\t\t\t\t\t\t\t\t<\/div>\n\t\t\t\t<div class=\"elementor-element elementor-element-36dfa5c elementor-widget elementor-widget-html\" data-id=\"36dfa5c\" data-element_type=\"widget\" data-e-type=\"widget\" data-widget_type=\"html.default\">\n\t\t\t\t\t<style>\r\n    \/* Sadece bu kart\u0131n i\u00e7indeki kutu modelini ayarlar, siteyi bozmaz *\/\r\n    .spec-card, .spec-card * {\r\n        box-sizing: border-box;\r\n    }\r\n\r\n    \/* Kart Ta\u015f\u0131y\u0131c\u0131s\u0131 *\/\r\n    .spec-card {\r\n        display: grid;\r\n        grid-template-columns: 1fr 1fr; \/* \u0130ki e\u015fit kolon *\/\r\n        background-color: #f8f9fa; \r\n        border-radius: 6px;\r\n        padding: 0px; \/* D\u0131\u015f \u00e7er\u00e7eve bo\u015flu\u011funu da biraz azaltt\u0131m *\/\r\n        max-width: 700px;\r\n        width: 100%;\r\n        color: #333;\r\n        font-family: 'Segoe UI', Roboto, Helvetica, Arial, sans-serif;\r\n        margin: 0 auto; \r\n    }\r\n\r\n    \/* Grid Elemanlar\u0131 *\/\r\n    .spec-item {\r\n        display: flex;\r\n        align-items: center; \r\n        \/* G\u00dcNCELLEND\u0130: \u00dcst-Alt 8px, Sa\u011f-Sol 15px *\/\r\n        padding: 6px 12px; \r\n        gap: 20px; \r\n    }\r\n\r\n    \/* Kenarl\u0131klar *\/\r\n    .spec-item:nth-child(1) {\r\n        border-right: 1px solid #e0e0e0;\r\n        border-bottom: 1px solid #e0e0e0;\r\n    }\r\n    .spec-item:nth-child(2) {\r\n        border-bottom: 1px solid #e0e0e0;\r\n    }\r\n    .spec-item:nth-child(3) {\r\n        border-right: 1px solid #e0e0e0;\r\n    }\r\n\r\n    \/* \u0130kon Kutusu (48x48 Sabit) *\/\r\n    .icon-box {\r\n        flex-shrink: 0;\r\n        width: 48px;\r\n        height: 48px;\r\n        display: flex;\r\n        justify-content: center;\r\n        align-items: center;\r\n    }\r\n\r\n    .icon-box img {\r\n        width: 100%;\r\n        height: 100%;\r\n        object-fit: contain; \r\n        display: block;\r\n    }\r\n\r\n    \/* Yaz\u0131 Alan\u0131 *\/\r\n    .text-content {\r\n        display: flex;\r\n        flex-direction: column;\r\n        gap: 2px; \/* Yaz\u0131lar aras\u0131 bo\u015flu\u011fu da hafif k\u0131st\u0131m *\/\r\n    }\r\n\r\n    .label {\r\n        font-size: 0.85rem;\r\n        color: #666;\r\n        font-weight: 400;\r\n        margin: 0;\r\n    }\r\n\r\n    .value {\r\n        font-size: 1.1rem;\r\n        color: #222;\r\n        font-weight: 400;\r\n        line-height: 1.3;\r\n        margin: 0;\r\n    }\r\n\r\n    \/* Mobil *\/\r\n    @media (max-width: 600px) {\r\n        .spec-card {\r\n            grid-template-columns: 1fr; \r\n        }\r\n        .spec-item {\r\n            border-right: none !important;\r\n            border-bottom: 1px solid #e0e0e0;\r\n            padding: 12px 15px; \/* Mobilde t\u0131klama alan\u0131 i\u00e7in biraz daha rahat b\u0131rakt\u0131m *\/\r\n        }\r\n        .spec-item:last-child {\r\n            border-bottom: none;\r\n        }\r\n    }\r\n<\/style>\r\n\r\n<div class=\"spec-card\">\r\n    \r\n    <div class=\"spec-item\">\r\n        <div class=\"icon-box\">\r\n            <img decoding=\"async\" src=\"https:\/\/eskey.eu\/wp-content\/uploads\/2025\/12\/size_icon_6b85a8b0-79f7-473d-8f7b-4c6f05175c91.svg\" alt=\"Size Icon\">\r\n        <\/div>\r\n        <div class=\"text-content\">\r\n            <span class=\"label\">Afmetingen (H x B x D)<\/span>\r\n            <span class=\"value\">49 x 20 x 17cm<\/span>\r\n        <\/div>\r\n    <\/div>\r\n\r\n    <div class=\"spec-item\">\r\n        <div class=\"icon-box\">\r\n            <img decoding=\"async\" src=\"https:\/\/eskey.eu\/wp-content\/uploads\/2025\/12\/backpack_8736391.png\" alt=\"Backpack Icon\">\r\n        <\/div>\r\n        <div class=\"text-content\">\r\n            <span class=\"label\">Inhoud<\/span>\r\n            <span class=\"value\">50L<\/span>\r\n        <\/div>\r\n    <\/div>\r\n\r\n    <div class=\"spec-item\">\r\n        <div class=\"icon-box\">\r\n            <img decoding=\"async\" src=\"https:\/\/eskey.eu\/wp-content\/uploads\/2025\/12\/weight_icon_199b7238-7d24-43e3-99ee-20c36962c239.svg\" alt=\"Weight Icon\">\r\n        <\/div>\r\n        <div class=\"text-content\">\r\n            <span class=\"label\">Gewicht<\/span>\r\n            <span class=\"value\">3.2kg<\/span>\r\n        <\/div>\r\n    <\/div>\r\n\r\n    <div class=\"spec-item\">\r\n        <div class=\"icon-box\">\r\n            <img decoding=\"async\" src=\"https:\/\/eskey.eu\/wp-content\/uploads\/2025\/12\/foldable.svg\" alt=\"Foldable Icon\">\r\n        <\/div>\r\n        <div class=\"text-content\">\r\n            <span class=\"label\">Inklapbaar<\/span>\r\n            <span class=\"value\">Compact<\/span>\r\n        <\/div>\r\n    <\/div>\r\n\r\n<\/div>\t\t\t\t<\/div>\n\t\t\t\t<div class=\"elementor-element elementor-element-7373ee9 elementor-widget__width-initial elementor-widget elementor-widget-text-editor\" data-id=\"7373ee9\" data-element_type=\"widget\" data-e-type=\"widget\" data-widget_type=\"text-editor.default\">\n\t\t\t\t\t\t\t\t\t<h1>Lichtgewicht en Inklapbaar Ontwerp<\/h1><div><article dir=\"auto\" tabindex=\"-1\" data-turn-id=\"request-WEB:78cd7354-2c7b-4ebc-9efd-0da08fc0092e-1\" data-testid=\"conversation-turn-4\" data-scroll-anchor=\"true\" data-turn=\"assistant\"><div tabindex=\"-1\"><div dir=\"auto\" data-message-author-role=\"assistant\" data-message-id=\"1e5b6e9a-6526-43e2-8320-63581ee850a9\" data-message-model-slug=\"gpt-5-2\"><p data-start=\"439\" data-end=\"638\">Het <strong>inklapbare frame<\/strong> past perfect in uw kofferbak of kast; geen rommel, maximaal gemak. Zeg vaarwel tegen zwaar sjouwen. De<strong> Eskey\u00ae boodschappentrolley<\/strong> klapt dankzij het lichtgewicht frame in een handomdraai in.<\/p><\/div><\/div><\/article><\/div>\t\t\t\t\t\t\t\t<\/div>\n\t\t\t\t\t<\/div>\n\t\t<\/div>\n\t\t\t\t<div class=\"elementor-column elementor-col-50 elementor-inner-column elementor-element elementor-element-cc07b8d\" data-id=\"cc07b8d\" data-element_type=\"column\" data-e-type=\"column\">\n\t\t\t<div class=\"elementor-widget-wrap elementor-element-populated\">\n\t\t\t\t\t\t<div class=\"elementor-element elementor-element-5bf762a gif-radius elementor-widget elementor-widget-video\" data-id=\"5bf762a\" data-element_type=\"widget\" data-e-type=\"widget\" data-settings=\"{&quot;video_type&quot;:&quot;hosted&quot;,&quot;autoplay&quot;:&quot;yes&quot;,&quot;play_on_mobile&quot;:&quot;yes&quot;,&quot;mute&quot;:&quot;yes&quot;,&quot;loop&quot;:&quot;yes&quot;}\" data-widget_type=\"video.default\">\n\t\t\t\t\t\t\t<div class=\"e-hosted-video elementor-wrapper elementor-open-inline\">\n\t\t\t\t\t<video class=\"elementor-video\" src=\"https:\/\/eskey.eu\/wp-content\/uploads\/2026\/01\/Shopping-Trolley-Multifunctional-V2-Mp4.mp4\" autoplay=\"\" loop=\"\" muted=\"muted\" playsinline=\"\" controlsList=\"nodownload\"><\/video>\n\t\t\t\t<\/div>\n\t\t\t\t\t\t<\/div>\n\t\t\t\t\t<\/div>\n\t\t<\/div>\n\t\t\t\t\t<\/div>\n\t\t<\/section>\n\t\t\t\t<div class=\"elementor-element elementor-element-7b8e589 elementor-widget elementor-widget-text-editor\" data-id=\"7b8e589\" data-element_type=\"widget\" data-e-type=\"widget\" data-widget_type=\"text-editor.default\">\n\t\t\t\t\t\t\t\t\t<h1>Ontworpen voor uw Benodigdheden: Georganiseerd Winkelen<\/h1><p>Slim ontworpen om meer dan alleen boodschappen te dragen. De Eskey\u00ae trolley heeft een <b data-path-to-node=\"11\" data-index-in-node=\"142\">veilig achtervak met rits<\/b> voor uw telefoon en portemonnee. Nooit meer graven in uw tas. Daarnaast houden de <b data-path-to-node=\"11\" data-index-in-node=\"250\">makkelijk toegankelijke zijvakken<\/b> uw paraplu of drankje klaar voor gebruik. Slimme opbergruimte die uw handen vrij houdt en zorgt voor rust in uw hoofd.<\/p>\t\t\t\t\t\t\t\t<\/div>\n\t\t\t\t<div class=\"elementor-element elementor-element-cf1100a elementor-arrows-position-inside elementor-widget elementor-widget-image-carousel\" data-id=\"cf1100a\" data-element_type=\"widget\" data-e-type=\"widget\" data-settings=\"{&quot;slides_to_show&quot;:&quot;3&quot;,&quot;navigation&quot;:&quot;arrows&quot;,&quot;image_spacing_custom&quot;:{&quot;unit&quot;:&quot;px&quot;,&quot;size&quot;:2,&quot;sizes&quot;:[]},&quot;autoplay&quot;:&quot;yes&quot;,&quot;pause_on_hover&quot;:&quot;yes&quot;,&quot;pause_on_interaction&quot;:&quot;yes&quot;,&quot;autoplay_speed&quot;:5000,&quot;infinite&quot;:&quot;yes&quot;,&quot;speed&quot;:500,&quot;image_spacing_custom_tablet&quot;:{&quot;unit&quot;:&quot;px&quot;,&quot;size&quot;:&quot;&quot;,&quot;sizes&quot;:[]},&quot;image_spacing_custom_mobile&quot;:{&quot;unit&quot;:&quot;px&quot;,&quot;size&quot;:&quot;&quot;,&quot;sizes&quot;:[]}}\" data-widget_type=\"image-carousel.default\">\n\t\t\t\t\t\t\t<div class=\"elementor-image-carousel-wrapper swiper\" role=\"region\" aria-roledescription=\"carousel\" aria-label=\"Image Carousel\" dir=\"ltr\">\n\t\t\t<div class=\"elementor-image-carousel swiper-wrapper\" aria-live=\"off\">\n\t\t\t\t\t\t\t\t<div class=\"swiper-slide\" role=\"group\" aria-roledescription=\"slide\" aria-label=\"1 van 4\"><figure class=\"swiper-slide-inner\"><img decoding=\"async\" class=\"swiper-slide-image\" src=\"https:\/\/eskey.eu\/wp-content\/uploads\/elementor\/thumbs\/trolley-1-rhdjlcms284t1ucy2zzh2dhwh7a8mbouzevac6bxaw.png\" alt=\"trolley.png\" \/><\/figure><\/div><div class=\"swiper-slide\" role=\"group\" aria-roledescription=\"slide\" aria-label=\"2 van 4\"><figure class=\"swiper-slide-inner\"><img decoding=\"async\" class=\"swiper-slide-image\" src=\"https:\/\/eskey.eu\/wp-content\/uploads\/elementor\/thumbs\/shopping-trolley-brand-product-1-rhdjlhbz0eb8nw64bk0lwub7g4n2ot7io24pqk4yfs.jpg\" alt=\"shopping-trolley-brand-product.jpg\" \/><\/figure><\/div><div class=\"swiper-slide\" role=\"group\" aria-roledescription=\"slide\" aria-label=\"3 van 4\"><figure class=\"swiper-slide-inner\"><img decoding=\"async\" class=\"swiper-slide-image\" src=\"https:\/\/eskey.eu\/wp-content\/uploads\/elementor\/thumbs\/shopping-trolley-eskey-2-1-rhdjli9t78cizi4r62f8hc2o1iifwib906s77u3k9k.jpg\" alt=\"shopping-trolley-eskey-2.jpg\" \/><\/figure><\/div><div class=\"swiper-slide\" role=\"group\" aria-roledescription=\"slide\" aria-label=\"4 van 4\"><figure class=\"swiper-slide-inner\"><img decoding=\"async\" class=\"swiper-slide-image\" src=\"https:\/\/eskey.eu\/wp-content\/uploads\/elementor\/thumbs\/smoke-1-rhdjlj7ne2dtb43e0ktv1tu4mwdt47ezcbfop4263c.jpg\" alt=\"smoke.jpg\" \/><\/figure><\/div>\t\t\t<\/div>\n\t\t\t\t\t\t\t\t\t\t\t\t<div class=\"elementor-swiper-button elementor-swiper-button-prev\" role=\"button\" tabindex=\"0\">\n\t\t\t\t\t\t<svg aria-hidden=\"true\" class=\"e-font-icon-svg e-eicon-chevron-left\" viewBox=\"0 0 1000 1000\" xmlns=\"http:\/\/www.w3.org\/2000\/svg\"><path d=\"M646 125C629 125 613 133 604 142L308 442C296 454 292 471 292 487 292 504 296 521 308 533L604 854C617 867 629 875 646 875 663 875 679 871 692 858 704 846 713 829 713 812 713 796 708 779 692 767L438 487 692 225C700 217 708 204 708 187 708 171 704 154 692 142 675 129 663 125 646 125Z\"><\/path><\/svg>\t\t\t\t\t<\/div>\n\t\t\t\t\t<div class=\"elementor-swiper-button elementor-swiper-button-next\" role=\"button\" tabindex=\"0\">\n\t\t\t\t\t\t<svg aria-hidden=\"true\" class=\"e-font-icon-svg e-eicon-chevron-right\" viewBox=\"0 0 1000 1000\" xmlns=\"http:\/\/www.w3.org\/2000\/svg\"><path d=\"M696 533C708 521 713 504 713 487 713 471 708 454 696 446L400 146C388 133 375 125 354 125 338 125 325 129 313 142 300 154 292 171 292 187 292 204 296 221 308 233L563 492 304 771C292 783 288 800 288 817 288 833 296 850 308 863 321 871 338 875 354 875 371 875 388 867 400 854L696 533Z\"><\/path><\/svg>\t\t\t\t\t<\/div>\n\t\t\t\t\n\t\t\t\t\t\t\t\t\t<\/div>\n\t\t\t\t\t\t<\/div>\n\t\t\t\t<div class=\"elementor-element elementor-element-db40d9a gif-radius elementor-widget elementor-widget-text-editor\" data-id=\"db40d9a\" data-element_type=\"widget\" data-e-type=\"widget\" data-widget_type=\"text-editor.default\">\n\t\t\t\t\t\t\t\t\t<h1>Groots Winkelen, Moeiteloos Vervoeren<\/h1><p>Vergeet het gesleep met zware tassen. Met een enorme capaciteit van <b data-path-to-node=\"13\" data-index-in-node=\"106\">50 liter<\/b> neemt de Eskey boodschappentrolley uw volledige wekelijkse boodschappenlijst mee in \u00e9\u00e9n soepele, moeiteloze rit.<\/p><h1 style=\"text-align: left;\">Veiligheid Voorop<\/h1><p style=\"text-align: left;\">Winkel met een gerust hart, op elk moment van de dag. Dankzij de heldere <b data-path-to-node=\"15\" data-index-in-node=\"91\">reflecterende details<\/b> bent u goed <b data-path-to-node=\"15\" data-index-in-node=\"125\">zichtbaar voor automobilisten en fietsers<\/b>, zodat uw avondwandelingen net zo veilig als comfortabel zijn.<\/p>\t\t\t\t\t\t\t\t<\/div>\n\t\t\t\t\t<\/div>\n\t\t<\/div>\n\t\t\t\t\t<\/div>\n\t\t<\/section>\n\t\t\t\t<\/div>\n\t\t","protected":false},"excerpt":{"rendered":"<p>Multifunctionele Boodschappentrolley: Comfort en Moderne Stijl De Eskey\u00ae multifunctionele boodschappentrolley is ontworpen om elke winkeltrip makkelijker en comfortabeler te maken. Til uw dagelijkse boodschappen naar een hoger niveau met de Eskey\u00ae trolley in een strakke Cloud Gray afwerking. Deze lichtgewicht kar is ontworpen voor de moderne shopper en voorzien van waterdichte, UV-bestendige 600D Oxford-stof en [&hellip;]<\/p>\n","protected":false},"featured_media":4120,"comment_status":"closed","ping_status":"closed","template":"","meta":[],"product_brand":[],"product_cat":[241],"product_tag":[],"class_list":{"0":"post-6456","1":"product","2":"type-product","3":"status-publish","4":"has-post-thumbnail","6":"product_cat-boodschappentrolley","8":"first","9":"instock","10":"sale","11":"taxable","12":"shipping-taxable","13":"purchasable","14":"product-type-simple"},"yoast_head":"<!-- This site is optimized with the Yoast SEO plugin v26.9 - https:\/\/yoast.com\/product\/yoast-seo-wordpress\/ -->\n<title>Eskey S1 Cloud Gray \u2013 50L Lichtgewicht Boodschappenkar<\/title>\n<meta name=\"description\" content=\"De Eskey S1 Cloud Gray: 50L inhoud, lichtgewicht en volledig waterdicht. Opvouwbaar design met stille wielen en veiligheidsreflectoren. Bestel nu met gratis verzending!\" \/>\n<meta name=\"robots\" content=\"index, follow, max-snippet:-1, max-image-preview:large, max-video-preview:-1\" \/>\n<link rel=\"canonical\" href=\"https:\/\/eskey.eu\/nl\/product\/s1-boodschappentrolley-cloud-gray\/\" \/>\n<meta property=\"og:locale\" content=\"nl_NL\" \/>\n<meta property=\"og:type\" content=\"article\" \/>\n<meta property=\"og:title\" content=\"Eskey S1 Cloud Gray \u2013 50L Lichtgewicht Boodschappenkar\" \/>\n<meta property=\"og:description\" content=\"De Eskey S1 Cloud Gray: 50L inhoud, lichtgewicht en volledig waterdicht. Opvouwbaar design met stille wielen en veiligheidsreflectoren. Bestel nu met gratis verzending!\" \/>\n<meta property=\"og:url\" content=\"https:\/\/eskey.eu\/nl\/product\/s1-boodschappentrolley-cloud-gray\/\" \/>\n<meta property=\"og:site_name\" content=\"Eskey \u2013 Official\u00ae EU Webstore for Foldable Shopping Trolleys\" \/>\n<meta property=\"article:publisher\" content=\"https:\/\/www.facebook.com\/profile.php?id=61572412692300\" \/>\n<meta property=\"article:modified_time\" content=\"2026-03-17T16:29:28+00:00\" \/>\n<meta property=\"og:image\" content=\"https:\/\/eskey.eu\/wp-content\/uploads\/2025\/11\/main-gray-bol.jpg\" \/>\n\t<meta property=\"og:image:width\" content=\"1600\" \/>\n\t<meta property=\"og:image:height\" content=\"1600\" \/>\n\t<meta property=\"og:image:type\" content=\"image\/jpeg\" \/>\n<meta name=\"twitter:card\" content=\"summary_large_image\" \/>\n<meta name=\"twitter:label1\" content=\"Geschatte leestijd\" \/>\n\t<meta name=\"twitter:data1\" content=\"3 minuten\" \/>\n<script type=\"application\/ld+json\" class=\"yoast-schema-graph\">{\"@context\":\"https:\/\/schema.org\",\"@graph\":[{\"@type\":\"WebPage\",\"@id\":\"https:\/\/eskey.eu\/nl\/product\/s1-boodschappentrolley-cloud-gray\/\",\"url\":\"https:\/\/eskey.eu\/nl\/product\/s1-boodschappentrolley-cloud-gray\/\",\"name\":\"Eskey S1 Cloud Gray \u2013 50L Lichtgewicht Boodschappenkar\",\"isPartOf\":{\"@id\":\"https:\/\/eskey.eu\/#website\"},\"primaryImageOfPage\":{\"@id\":\"https:\/\/eskey.eu\/nl\/product\/s1-boodschappentrolley-cloud-gray\/#primaryimage\"},\"image\":{\"@id\":\"https:\/\/eskey.eu\/nl\/product\/s1-boodschappentrolley-cloud-gray\/#primaryimage\"},\"thumbnailUrl\":\"https:\/\/eskey.eu\/wp-content\/uploads\/2025\/11\/main-gray-bol.jpg\",\"datePublished\":\"2026-01-21T21:38:55+00:00\",\"dateModified\":\"2026-03-17T16:29:28+00:00\",\"description\":\"De Eskey S1 Cloud Gray: 50L inhoud, lichtgewicht en volledig waterdicht. Opvouwbaar design met stille wielen en veiligheidsreflectoren. Bestel nu met gratis verzending!\",\"breadcrumb\":{\"@id\":\"https:\/\/eskey.eu\/nl\/product\/s1-boodschappentrolley-cloud-gray\/#breadcrumb\"},\"inLanguage\":\"nl-NL\",\"potentialAction\":[{\"@type\":\"ReadAction\",\"target\":[\"https:\/\/eskey.eu\/nl\/product\/s1-boodschappentrolley-cloud-gray\/\"]}]},{\"@type\":\"ImageObject\",\"inLanguage\":\"nl-NL\",\"@id\":\"https:\/\/eskey.eu\/nl\/product\/s1-boodschappentrolley-cloud-gray\/#primaryimage\",\"url\":\"https:\/\/eskey.eu\/wp-content\/uploads\/2025\/11\/main-gray-bol.jpg\",\"contentUrl\":\"https:\/\/eskey.eu\/wp-content\/uploads\/2025\/11\/main-gray-bol.jpg\",\"width\":1600,\"height\":1600},{\"@type\":\"BreadcrumbList\",\"@id\":\"https:\/\/eskey.eu\/nl\/product\/s1-boodschappentrolley-cloud-gray\/#breadcrumb\",\"itemListElement\":[{\"@type\":\"ListItem\",\"position\":1,\"name\":\"Home\",\"item\":\"https:\/\/eskey.eu\/nl\/\"},{\"@type\":\"ListItem\",\"position\":2,\"name\":\"Winkel\",\"item\":\"https:\/\/eskey.eu\/nl\/winkel\/\"},{\"@type\":\"ListItem\",\"position\":3,\"name\":\"S1 Boodschappentrolley | Cloud Gray\"}]},{\"@type\":\"WebSite\",\"@id\":\"https:\/\/eskey.eu\/#website\",\"url\":\"https:\/\/eskey.eu\/\",\"name\":\"Eskey \u2013 Official\u00ae EU Webstore for Foldable Shopping Trolleys\",\"description\":\"\",\"publisher\":{\"@id\":\"https:\/\/eskey.eu\/#organization\"},\"potentialAction\":[{\"@type\":\"SearchAction\",\"target\":{\"@type\":\"EntryPoint\",\"urlTemplate\":\"https:\/\/eskey.eu\/?s={search_term_string}\"},\"query-input\":{\"@type\":\"PropertyValueSpecification\",\"valueRequired\":true,\"valueName\":\"search_term_string\"}}],\"inLanguage\":\"nl-NL\"},{\"@type\":\"Organization\",\"@id\":\"https:\/\/eskey.eu\/#organization\",\"name\":\"Eskey\u00ae \u2013 Premium & Opvouwbare Boodschappentrolleys | Offici\u00eble Shop\",\"url\":\"https:\/\/eskey.eu\/\",\"logo\":{\"@type\":\"ImageObject\",\"inLanguage\":\"nl-NL\",\"@id\":\"https:\/\/eskey.eu\/#\/schema\/logo\/image\/\",\"url\":\"https:\/\/eskey.eu\/wp-content\/uploads\/2025\/11\/black.webp\",\"contentUrl\":\"https:\/\/eskey.eu\/wp-content\/uploads\/2025\/11\/black.webp\",\"width\":1600,\"height\":581,\"caption\":\"Eskey\u00ae \u2013 Premium & Opvouwbare Boodschappentrolleys | Offici\u00eble Shop\"},\"image\":{\"@id\":\"https:\/\/eskey.eu\/#\/schema\/logo\/image\/\"},\"sameAs\":[\"https:\/\/www.facebook.com\/profile.php?id=61572412692300\"]}]}<\/script>\n<!-- \/ Yoast SEO plugin. -->","yoast_head_json":{"title":"Eskey S1 Cloud Gray \u2013 50L Lichtgewicht Boodschappenkar","description":"De Eskey S1 Cloud Gray: 50L inhoud, lichtgewicht en volledig waterdicht. Opvouwbaar design met stille wielen en veiligheidsreflectoren. Bestel nu met gratis verzending!","robots":{"index":"index","follow":"follow","max-snippet":"max-snippet:-1","max-image-preview":"max-image-preview:large","max-video-preview":"max-video-preview:-1"},"canonical":"https:\/\/eskey.eu\/nl\/product\/s1-boodschappentrolley-cloud-gray\/","og_locale":"nl_NL","og_type":"article","og_title":"Eskey S1 Cloud Gray \u2013 50L Lichtgewicht Boodschappenkar","og_description":"De Eskey S1 Cloud Gray: 50L inhoud, lichtgewicht en volledig waterdicht. Opvouwbaar design met stille wielen en veiligheidsreflectoren. Bestel nu met gratis verzending!","og_url":"https:\/\/eskey.eu\/nl\/product\/s1-boodschappentrolley-cloud-gray\/","og_site_name":"Eskey \u2013 Official\u00ae EU Webstore for Foldable Shopping Trolleys","article_publisher":"https:\/\/www.facebook.com\/profile.php?id=61572412692300","article_modified_time":"2026-03-17T16:29:28+00:00","og_image":[{"width":1600,"height":1600,"url":"https:\/\/eskey.eu\/wp-content\/uploads\/2025\/11\/main-gray-bol.jpg","type":"image\/jpeg"}],"twitter_card":"summary_large_image","twitter_misc":{"Geschatte leestijd":"3 minuten"},"schema":{"@context":"https:\/\/schema.org","@graph":[{"@type":"WebPage","@id":"https:\/\/eskey.eu\/nl\/product\/s1-boodschappentrolley-cloud-gray\/","url":"https:\/\/eskey.eu\/nl\/product\/s1-boodschappentrolley-cloud-gray\/","name":"Eskey S1 Cloud Gray \u2013 50L Lichtgewicht Boodschappenkar","isPartOf":{"@id":"https:\/\/eskey.eu\/#website"},"primaryImageOfPage":{"@id":"https:\/\/eskey.eu\/nl\/product\/s1-boodschappentrolley-cloud-gray\/#primaryimage"},"image":{"@id":"https:\/\/eskey.eu\/nl\/product\/s1-boodschappentrolley-cloud-gray\/#primaryimage"},"thumbnailUrl":"https:\/\/eskey.eu\/wp-content\/uploads\/2025\/11\/main-gray-bol.jpg","datePublished":"2026-01-21T21:38:55+00:00","dateModified":"2026-03-17T16:29:28+00:00","description":"De Eskey S1 Cloud Gray: 50L inhoud, lichtgewicht en volledig waterdicht. Opvouwbaar design met stille wielen en veiligheidsreflectoren. Bestel nu met gratis verzending!","breadcrumb":{"@id":"https:\/\/eskey.eu\/nl\/product\/s1-boodschappentrolley-cloud-gray\/#breadcrumb"},"inLanguage":"nl-NL","potentialAction":[{"@type":"ReadAction","target":["https:\/\/eskey.eu\/nl\/product\/s1-boodschappentrolley-cloud-gray\/"]}]},{"@type":"ImageObject","inLanguage":"nl-NL","@id":"https:\/\/eskey.eu\/nl\/product\/s1-boodschappentrolley-cloud-gray\/#primaryimage","url":"https:\/\/eskey.eu\/wp-content\/uploads\/2025\/11\/main-gray-bol.jpg","contentUrl":"https:\/\/eskey.eu\/wp-content\/uploads\/2025\/11\/main-gray-bol.jpg","width":1600,"height":1600},{"@type":"BreadcrumbList","@id":"https:\/\/eskey.eu\/nl\/product\/s1-boodschappentrolley-cloud-gray\/#breadcrumb","itemListElement":[{"@type":"ListItem","position":1,"name":"Home","item":"https:\/\/eskey.eu\/nl\/"},{"@type":"ListItem","position":2,"name":"Winkel","item":"https:\/\/eskey.eu\/nl\/winkel\/"},{"@type":"ListItem","position":3,"name":"S1 Boodschappentrolley | Cloud Gray"}]},{"@type":"WebSite","@id":"https:\/\/eskey.eu\/#website","url":"https:\/\/eskey.eu\/","name":"Eskey \u2013 Official\u00ae EU Webstore for Foldable Shopping Trolleys","description":"","publisher":{"@id":"https:\/\/eskey.eu\/#organization"},"potentialAction":[{"@type":"SearchAction","target":{"@type":"EntryPoint","urlTemplate":"https:\/\/eskey.eu\/?s={search_term_string}"},"query-input":{"@type":"PropertyValueSpecification","valueRequired":true,"valueName":"search_term_string"}}],"inLanguage":"nl-NL"},{"@type":"Organization","@id":"https:\/\/eskey.eu\/#organization","name":"Eskey\u00ae \u2013 Premium & Opvouwbare Boodschappentrolleys | Offici\u00eble Shop","url":"https:\/\/eskey.eu\/","logo":{"@type":"ImageObject","inLanguage":"nl-NL","@id":"https:\/\/eskey.eu\/#\/schema\/logo\/image\/","url":"https:\/\/eskey.eu\/wp-content\/uploads\/2025\/11\/black.webp","contentUrl":"https:\/\/eskey.eu\/wp-content\/uploads\/2025\/11\/black.webp","width":1600,"height":581,"caption":"Eskey\u00ae \u2013 Premium & Opvouwbare Boodschappentrolleys | Offici\u00eble Shop"},"image":{"@id":"https:\/\/eskey.eu\/#\/schema\/logo\/image\/"},"sameAs":["https:\/\/www.facebook.com\/profile.php?id=61572412692300"]}]}},"_links":{"self":[{"href":"https:\/\/eskey.eu\/nl\/wp-json\/wp\/v2\/product\/6456","targetHints":{"allow":["GET"]}}],"collection":[{"href":"https:\/\/eskey.eu\/nl\/wp-json\/wp\/v2\/product"}],"about":[{"href":"https:\/\/eskey.eu\/nl\/wp-json\/wp\/v2\/types\/product"}],"replies":[{"embeddable":true,"href":"https:\/\/eskey.eu\/nl\/wp-json\/wp\/v2\/comments?post=6456"}],"version-history":[{"count":7,"href":"https:\/\/eskey.eu\/nl\/wp-json\/wp\/v2\/product\/6456\/revisions"}],"predecessor-version":[{"id":6800,"href":"https:\/\/eskey.eu\/nl\/wp-json\/wp\/v2\/product\/6456\/revisions\/6800"}],"wp:featuredmedia":[{"embeddable":true,"href":"https:\/\/eskey.eu\/nl\/wp-json\/wp\/v2\/media\/4120"}],"wp:attachment":[{"href":"https:\/\/eskey.eu\/nl\/wp-json\/wp\/v2\/media?parent=6456"}],"wp:term":[{"taxonomy":"product_brand","embeddable":true,"href":"https:\/\/eskey.eu\/nl\/wp-json\/wp\/v2\/product_brand?post=6456"},{"taxonomy":"product_cat","embeddable":true,"href":"https:\/\/eskey.eu\/nl\/wp-json\/wp\/v2\/product_cat?post=6456"},{"taxonomy":"product_tag","embeddable":true,"href":"https:\/\/eskey.eu\/nl\/wp-json\/wp\/v2\/product_tag?post=6456"}],"curies":[{"name":"wp","href":"https:\/\/api.w.org\/{rel}","templated":true}]}}