{"id":4269,"date":"2025-11-22T21:58:25","date_gmt":"2025-11-22T20:58:25","guid":{"rendered":"https:\/\/eskey.eu\/privacy-policy\/"},"modified":"2026-01-06T00:40:44","modified_gmt":"2026-01-05T23:40:44","slug":"politique-de-confidentialite","status":"publish","type":"page","link":"https:\/\/eskey.eu\/fr\/politique-de-confidentialite\/","title":{"rendered":"Politique de Confidentialit\u00e9"},"content":{"rendered":"\t\t<div data-elementor-type=\"wp-page\" data-elementor-id=\"4269\" class=\"elementor elementor-4269 elementor-3\">\n\t\t\t\t\t\t<section class=\"elementor-section elementor-top-section elementor-element elementor-element-21164c13 elementor-section-boxed elementor-section-height-default elementor-section-height-default\" data-id=\"21164c13\" data-element_type=\"section\" data-e-type=\"section\">\n\t\t\t\t\t\t<div class=\"elementor-container elementor-column-gap-default\">\n\t\t\t\t\t<div class=\"elementor-column elementor-col-100 elementor-top-column elementor-element elementor-element-7c84d4a3\" data-id=\"7c84d4a3\" data-element_type=\"column\" data-e-type=\"column\">\n\t\t\t<div class=\"elementor-widget-wrap elementor-element-populated\">\n\t\t\t\t\t\t<div class=\"elementor-element elementor-element-1aafaa81 elementor-widget elementor-widget-text-editor\" data-id=\"1aafaa81\" data-element_type=\"widget\" data-e-type=\"widget\" data-widget_type=\"text-editor.default\">\n\t\t\t\t\t\t\t\t\t<h3>Politique de confidentialit\u00e9<\/h3><h4>\u00c0 propos de notre politique de confidentialit\u00e9<\/h4><p>Eskey accorde une grande importance \u00e0 votre vie priv\u00e9e et ne traite que les donn\u00e9es n\u00e9cessaires pour am\u00e9liorer nos services et g\u00e9rer vos commandes. La pr\u00e9sente politique de confidentialit\u00e9 s\u2019applique \u00e0 l\u2019utilisation de notre site web et de nos services. Toute modification future y sera mise \u00e0 jour.<\/p><h4>Traitement des donn\u00e9es<\/h4><h5>Plateforme e-commerce<\/h5><p>Notre boutique en ligne fonctionne avec WooCommerce, qui traite vos donn\u00e9es personnelles pour la gestion et l\u2019ex\u00e9cution des commandes. WooCommerce utilise des mesures de s\u00e9curit\u00e9 appropri\u00e9es, notamment le chiffrement SSL, afin de prot\u00e9ger vos informations.<\/p><h5>H\u00e9bergement et traitement des paiements<\/h5><p>Nous utilisons Vcreations pour l\u2019h\u00e9bergement web, o\u00f9 vos donn\u00e9es sont stock\u00e9es en toute s\u00e9curit\u00e9. Pour le traitement des paiements, nous collaborons avec Pay.nl, qui g\u00e8re les donn\u00e9es personnelles afin de garantir des transactions s\u00fbres et fiables.<\/p><h4>Finalit\u00e9 du traitement des donn\u00e9es<\/h4><p>Nous traitons vos donn\u00e9es personnelles pour les finalit\u00e9s suivantes:<\/p><ul><li data-start=\"188\" data-end=\"283\"><strong data-start=\"188\" data-end=\"218\">Traitement des commandes :<\/strong> gestion, exp\u00e9dition et communication concernant vos commandes.<\/li><li data-start=\"286\" data-end=\"441\"><strong data-start=\"286\" data-end=\"316\">Am\u00e9lioration du site web :<\/strong> des donn\u00e9es anonymes sont utilis\u00e9es \u00e0 des fins d\u2019analyse afin d\u2019am\u00e9liorer les fonctionnalit\u00e9s et l\u2019exp\u00e9rience utilisateur.<\/li><li data-start=\"286\" data-end=\"441\"><strong data-start=\"444\" data-end=\"469\">Obligations l\u00e9gales :<\/strong> conformit\u00e9 aux obligations fiscales, comptables et autres exigences l\u00e9gales.<\/li><\/ul><h4>Dur\u00e9e de conservation<\/h4><p data-start=\"676\" data-end=\"810\">Les donn\u00e9es personnelles sont conserv\u00e9es aussi longtemps que n\u00e9cessaire pour fournir nos services et pour la dur\u00e9e requise par la loi.<\/p><h4>Vos droits<\/h4><p>Vous avez le droit d\u2019acc\u00e9der \u00e0 vos donn\u00e9es personnelles, de les rectifier, de les supprimer, d\u2019en limiter le traitement ou de les transf\u00e9rer. Pour toute demande, vous pouvez nous contacter en utilisant les coordonn\u00e9es indiqu\u00e9es sur notre site web.<\/p><h4>Cookies et analyses<\/h4><p>Notre site web utilise des cookies pour am\u00e9liorer l\u2019exp\u00e9rience utilisateur. Google Analytics est utilis\u00e9 pour collecter des statistiques anonymes sur les visiteurs et des donn\u00e9es concernant les performances du site.<\/p><h4>Modifications de cette politique de confidentialit\u00e9<\/h4><p>Nous nous r\u00e9servons le droit de modifier la pr\u00e9sente politique de confidentialit\u00e9. La version la plus r\u00e9cente sera toujours disponible sur cette page.<\/p>\t\t\t\t\t\t\t\t<\/div>\n\t\t\t\t\t<\/div>\n\t\t<\/div>\n\t\t\t\t\t<\/div>\n\t\t<\/section>\n\t\t\t\t<\/div>\n\t\t","protected":false},"excerpt":{"rendered":"<p>Politique de confidentialit\u00e9 \u00c0 propos de notre politique de confidentialit\u00e9 Eskey accorde une grande importance \u00e0 votre vie priv\u00e9e et ne traite que les donn\u00e9es n\u00e9cessaires pour am\u00e9liorer nos services et g\u00e9rer vos commandes. La pr\u00e9sente politique de confidentialit\u00e9 s\u2019applique \u00e0 l\u2019utilisation de notre site web et de nos services. Toute modification future y sera [&hellip;]<\/p>\n","protected":false},"author":1,"featured_media":0,"parent":0,"menu_order":0,"comment_status":"closed","ping_status":"open","template":"","meta":{"footnotes":""},"class_list":["post-4269","page","type-page","status-publish","hentry"],"yoast_head":"<!-- This site is optimized with the Yoast SEO plugin v26.9 - https:\/\/yoast.com\/product\/yoast-seo-wordpress\/ -->\n<title>Politique de Confidentialit\u00e9 - Eskey \u2013 Official\u00ae EU Webstore for Foldable Shopping Trolleys<\/title>\n<meta name=\"robots\" content=\"index, follow, max-snippet:-1, max-image-preview:large, max-video-preview:-1\" \/>\n<link rel=\"canonical\" href=\"https:\/\/eskey.eu\/fr\/politique-de-confidentialite\/\" \/>\n<meta property=\"og:locale\" content=\"fr_FR\" \/>\n<meta property=\"og:type\" content=\"article\" \/>\n<meta property=\"og:title\" content=\"Politique de Confidentialit\u00e9 - Eskey \u2013 Official\u00ae EU Webstore for Foldable Shopping Trolleys\" \/>\n<meta property=\"og:description\" content=\"Politique de confidentialit\u00e9 \u00c0 propos de notre politique de confidentialit\u00e9 Eskey accorde une grande importance \u00e0 votre vie priv\u00e9e et ne traite que les donn\u00e9es n\u00e9cessaires pour am\u00e9liorer nos services et g\u00e9rer vos commandes. La pr\u00e9sente politique de confidentialit\u00e9 s\u2019applique \u00e0 l\u2019utilisation de notre site web et de nos services. Toute modification future y sera [&hellip;]\" \/>\n<meta property=\"og:url\" content=\"https:\/\/eskey.eu\/fr\/politique-de-confidentialite\/\" \/>\n<meta property=\"og:site_name\" content=\"Eskey \u2013 Official\u00ae EU Webstore for Foldable Shopping Trolleys\" \/>\n<meta property=\"article:publisher\" content=\"https:\/\/www.facebook.com\/profile.php?id=61572412692300\" \/>\n<meta property=\"article:modified_time\" content=\"2026-01-05T23:40:44+00:00\" \/>\n<meta name=\"twitter:card\" content=\"summary_large_image\" \/>\n<meta name=\"twitter:label1\" content=\"Dur\u00e9e de lecture estim\u00e9e\" \/>\n\t<meta name=\"twitter:data1\" content=\"2 minutes\" \/>\n<script type=\"application\/ld+json\" class=\"yoast-schema-graph\">{\"@context\":\"https:\/\/schema.org\",\"@graph\":[{\"@type\":\"WebPage\",\"@id\":\"https:\/\/eskey.eu\/fr\/politique-de-confidentialite\/\",\"url\":\"https:\/\/eskey.eu\/fr\/politique-de-confidentialite\/\",\"name\":\"Politique de Confidentialit\u00e9 - Eskey \u2013 Official\u00ae EU Webstore for Foldable Shopping Trolleys\",\"isPartOf\":{\"@id\":\"https:\/\/eskey.eu\/#website\"},\"datePublished\":\"2025-11-22T20:58:25+00:00\",\"dateModified\":\"2026-01-05T23:40:44+00:00\",\"breadcrumb\":{\"@id\":\"https:\/\/eskey.eu\/fr\/politique-de-confidentialite\/#breadcrumb\"},\"inLanguage\":\"fr-FR\",\"potentialAction\":[{\"@type\":\"ReadAction\",\"target\":[\"https:\/\/eskey.eu\/fr\/politique-de-confidentialite\/\"]}]},{\"@type\":\"BreadcrumbList\",\"@id\":\"https:\/\/eskey.eu\/fr\/politique-de-confidentialite\/#breadcrumb\",\"itemListElement\":[{\"@type\":\"ListItem\",\"position\":1,\"name\":\"Home\",\"item\":\"https:\/\/eskey.eu\/fr\/\"},{\"@type\":\"ListItem\",\"position\":2,\"name\":\"Politique de Confidentialit\u00e9\"}]},{\"@type\":\"WebSite\",\"@id\":\"https:\/\/eskey.eu\/#website\",\"url\":\"https:\/\/eskey.eu\/\",\"name\":\"Eskey \u2013 Official\u00ae EU Webstore for Foldable Shopping Trolleys\",\"description\":\"\",\"publisher\":{\"@id\":\"https:\/\/eskey.eu\/#organization\"},\"potentialAction\":[{\"@type\":\"SearchAction\",\"target\":{\"@type\":\"EntryPoint\",\"urlTemplate\":\"https:\/\/eskey.eu\/?s={search_term_string}\"},\"query-input\":{\"@type\":\"PropertyValueSpecification\",\"valueRequired\":true,\"valueName\":\"search_term_string\"}}],\"inLanguage\":\"fr-FR\"},{\"@type\":\"Organization\",\"@id\":\"https:\/\/eskey.eu\/#organization\",\"name\":\"Eskey\u00ae \u2013 Chariots de Courses Pliables et Robustes | Boutique Officielle\",\"url\":\"https:\/\/eskey.eu\/\",\"logo\":{\"@type\":\"ImageObject\",\"inLanguage\":\"fr-FR\",\"@id\":\"https:\/\/eskey.eu\/#\/schema\/logo\/image\/\",\"url\":\"https:\/\/eskey.eu\/wp-content\/uploads\/2025\/11\/black.webp\",\"contentUrl\":\"https:\/\/eskey.eu\/wp-content\/uploads\/2025\/11\/black.webp\",\"width\":1600,\"height\":581,\"caption\":\"Eskey\u00ae \u2013 Chariots de Courses Pliables et Robustes | Boutique Officielle\"},\"image\":{\"@id\":\"https:\/\/eskey.eu\/#\/schema\/logo\/image\/\"},\"sameAs\":[\"https:\/\/www.facebook.com\/profile.php?id=61572412692300\"]}]}<\/script>\n<!-- \/ Yoast SEO plugin. -->","yoast_head_json":{"title":"Politique de Confidentialit\u00e9 - Eskey \u2013 Official\u00ae EU Webstore for Foldable Shopping Trolleys","robots":{"index":"index","follow":"follow","max-snippet":"max-snippet:-1","max-image-preview":"max-image-preview:large","max-video-preview":"max-video-preview:-1"},"canonical":"https:\/\/eskey.eu\/fr\/politique-de-confidentialite\/","og_locale":"fr_FR","og_type":"article","og_title":"Politique de Confidentialit\u00e9 - Eskey \u2013 Official\u00ae EU Webstore for Foldable Shopping Trolleys","og_description":"Politique de confidentialit\u00e9 \u00c0 propos de notre politique de confidentialit\u00e9 Eskey accorde une grande importance \u00e0 votre vie priv\u00e9e et ne traite que les donn\u00e9es n\u00e9cessaires pour am\u00e9liorer nos services et g\u00e9rer vos commandes. La pr\u00e9sente politique de confidentialit\u00e9 s\u2019applique \u00e0 l\u2019utilisation de notre site web et de nos services. Toute modification future y sera [&hellip;]","og_url":"https:\/\/eskey.eu\/fr\/politique-de-confidentialite\/","og_site_name":"Eskey \u2013 Official\u00ae EU Webstore for Foldable Shopping Trolleys","article_publisher":"https:\/\/www.facebook.com\/profile.php?id=61572412692300","article_modified_time":"2026-01-05T23:40:44+00:00","twitter_card":"summary_large_image","twitter_misc":{"Dur\u00e9e de lecture estim\u00e9e":"2 minutes"},"schema":{"@context":"https:\/\/schema.org","@graph":[{"@type":"WebPage","@id":"https:\/\/eskey.eu\/fr\/politique-de-confidentialite\/","url":"https:\/\/eskey.eu\/fr\/politique-de-confidentialite\/","name":"Politique de Confidentialit\u00e9 - Eskey \u2013 Official\u00ae EU Webstore for Foldable Shopping Trolleys","isPartOf":{"@id":"https:\/\/eskey.eu\/#website"},"datePublished":"2025-11-22T20:58:25+00:00","dateModified":"2026-01-05T23:40:44+00:00","breadcrumb":{"@id":"https:\/\/eskey.eu\/fr\/politique-de-confidentialite\/#breadcrumb"},"inLanguage":"fr-FR","potentialAction":[{"@type":"ReadAction","target":["https:\/\/eskey.eu\/fr\/politique-de-confidentialite\/"]}]},{"@type":"BreadcrumbList","@id":"https:\/\/eskey.eu\/fr\/politique-de-confidentialite\/#breadcrumb","itemListElement":[{"@type":"ListItem","position":1,"name":"Home","item":"https:\/\/eskey.eu\/fr\/"},{"@type":"ListItem","position":2,"name":"Politique de Confidentialit\u00e9"}]},{"@type":"WebSite","@id":"https:\/\/eskey.eu\/#website","url":"https:\/\/eskey.eu\/","name":"Eskey \u2013 Official\u00ae EU Webstore for Foldable Shopping Trolleys","description":"","publisher":{"@id":"https:\/\/eskey.eu\/#organization"},"potentialAction":[{"@type":"SearchAction","target":{"@type":"EntryPoint","urlTemplate":"https:\/\/eskey.eu\/?s={search_term_string}"},"query-input":{"@type":"PropertyValueSpecification","valueRequired":true,"valueName":"search_term_string"}}],"inLanguage":"fr-FR"},{"@type":"Organization","@id":"https:\/\/eskey.eu\/#organization","name":"Eskey\u00ae \u2013 Chariots de Courses Pliables et Robustes | Boutique Officielle","url":"https:\/\/eskey.eu\/","logo":{"@type":"ImageObject","inLanguage":"fr-FR","@id":"https:\/\/eskey.eu\/#\/schema\/logo\/image\/","url":"https:\/\/eskey.eu\/wp-content\/uploads\/2025\/11\/black.webp","contentUrl":"https:\/\/eskey.eu\/wp-content\/uploads\/2025\/11\/black.webp","width":1600,"height":581,"caption":"Eskey\u00ae \u2013 Chariots de Courses Pliables et Robustes | Boutique Officielle"},"image":{"@id":"https:\/\/eskey.eu\/#\/schema\/logo\/image\/"},"sameAs":["https:\/\/www.facebook.com\/profile.php?id=61572412692300"]}]}},"_hostinger_reach_plugin_has_subscription_block":false,"_hostinger_reach_plugin_is_elementor":false,"_links":{"self":[{"href":"https:\/\/eskey.eu\/fr\/wp-json\/wp\/v2\/pages\/4269","targetHints":{"allow":["GET"]}}],"collection":[{"href":"https:\/\/eskey.eu\/fr\/wp-json\/wp\/v2\/pages"}],"about":[{"href":"https:\/\/eskey.eu\/fr\/wp-json\/wp\/v2\/types\/page"}],"author":[{"embeddable":true,"href":"https:\/\/eskey.eu\/fr\/wp-json\/wp\/v2\/users\/1"}],"replies":[{"embeddable":true,"href":"https:\/\/eskey.eu\/fr\/wp-json\/wp\/v2\/comments?post=4269"}],"version-history":[{"count":4,"href":"https:\/\/eskey.eu\/fr\/wp-json\/wp\/v2\/pages\/4269\/revisions"}],"predecessor-version":[{"id":5962,"href":"https:\/\/eskey.eu\/fr\/wp-json\/wp\/v2\/pages\/4269\/revisions\/5962"}],"wp:attachment":[{"href":"https:\/\/eskey.eu\/fr\/wp-json\/wp\/v2\/media?parent=4269"}],"curies":[{"name":"wp","href":"https:\/\/api.w.org\/{rel}","templated":true}]}}