{"id":4270,"date":"2025-11-22T21:58:25","date_gmt":"2025-11-22T20:58:25","guid":{"rendered":"https:\/\/eskey.eu\/privacy-policy\/"},"modified":"2026-01-06T00:38:16","modified_gmt":"2026-01-05T23:38:16","slug":"datenschutzerklaerung","status":"publish","type":"page","link":"https:\/\/eskey.eu\/de\/datenschutzerklaerung\/","title":{"rendered":"Datenschutzerkl\u00e4rung"},"content":{"rendered":"\t\t<div data-elementor-type=\"wp-page\" data-elementor-id=\"4270\" class=\"elementor elementor-4270 elementor-3\">\n\t\t\t\t\t\t<section class=\"elementor-section elementor-top-section elementor-element elementor-element-21164c13 elementor-section-boxed elementor-section-height-default elementor-section-height-default\" data-id=\"21164c13\" data-element_type=\"section\" data-e-type=\"section\">\n\t\t\t\t\t\t<div class=\"elementor-container elementor-column-gap-default\">\n\t\t\t\t\t<div class=\"elementor-column elementor-col-100 elementor-top-column elementor-element elementor-element-7c84d4a3\" data-id=\"7c84d4a3\" data-element_type=\"column\" data-e-type=\"column\">\n\t\t\t<div class=\"elementor-widget-wrap elementor-element-populated\">\n\t\t\t\t\t\t<div class=\"elementor-element elementor-element-1aafaa81 elementor-widget elementor-widget-text-editor\" data-id=\"1aafaa81\" data-element_type=\"widget\" data-e-type=\"widget\" data-widget_type=\"text-editor.default\">\n\t\t\t\t\t\t\t\t\t<h3>Datenschutzrichtlinie<\/h3><h4 data-start=\"156\" data-end=\"197\"><strong data-start=\"160\" data-end=\"197\">\u00dcber unsere Datenschutzrichtlinie<\/strong><\/h4><p data-start=\"199\" data-end=\"524\">Eskey misst Ihrem Datenschutz gro\u00dfe Bedeutung bei und verarbeitet ausschlie\u00dflich die Daten, die notwendig sind, um unsere Dienstleistungen zu verbessern und Ihre Bestellungen zu bearbeiten. Diese Datenschutzrichtlinie gilt f\u00fcr die Nutzung unserer Website und unserer Services. \u00c4nderungen werden auf dieser Seite aktualisiert.<\/p><h4>Datenverarbeitung<\/h4><h5>E-commerce Platform<\/h5><p data-start=\"587\" data-end=\"831\">Unser Webshop l\u00e4uft auf WooCommerce, das Ihre personenbezogenen Daten zur Bestellverwaltung und Auftragsabwicklung verarbeitet. WooCommerce verwendet geeignete Sicherheitsma\u00dfnahmen, einschlie\u00dflich SSL-Verschl\u00fcsselung, um Ihre Daten zu sch\u00fctzen.<\/p><h5>Hosting und Zahlungsabwicklung<\/h5><p data-start=\"873\" data-end=\"1116\">F\u00fcr das Webhosting nutzen wir Vcreations, wo Ihre Daten sicher gespeichert werden. F\u00fcr die Zahlungsabwicklung arbeiten wir mit Pay.nl zusammen, das personenbezogene Daten verarbeitet, um sichere und zuverl\u00e4ssige Transaktionen zu gew\u00e4hrleisten.<\/p><h4 data-start=\"150\" data-end=\"184\"><strong data-start=\"153\" data-end=\"184\">Zweck der Datenverarbeitung<\/strong><\/h4><p data-start=\"186\" data-end=\"252\">Wir verarbeiten Ihre personenbezogenen Daten zu folgenden Zwecken:<\/p><p data-start=\"254\" data-end=\"617\">\u2022 <strong data-start=\"256\" data-end=\"278\">Bestellabwicklung:<\/strong> Bearbeitung, Versand und Kommunikation im Zusammenhang mit Ihren Bestellungen.<br data-start=\"357\" data-end=\"360\" \/>\u2022 <strong data-start=\"362\" data-end=\"387\">Website-Verbesserung:<\/strong> Anonyme Daten werden zu Analysezwecken verwendet, um die Funktionalit\u00e4t und Benutzererfahrung zu optimieren.<br data-start=\"496\" data-end=\"499\" \/>\u2022 <strong data-start=\"501\" data-end=\"533\">Gesetzliche Verpflichtungen:<\/strong> Einhaltung steuerlicher, buchhalterischer und sonstiger gesetzlicher Anforderungen.<\/p><p data-start=\"619\" data-end=\"710\">Ihre Daten werden ohne Ihre ausdr\u00fcckliche Einwilligung nicht f\u00fcr Marketingzwecke verwendet.<\/p><h4>Speicherfristen<\/h4><p data-start=\"741\" data-end=\"907\">Personenbezogene Daten werden so lange aufbewahrt, wie es zur Bereitstellung unserer Dienstleistungen erforderlich ist und solange dies gesetzlich vorgeschrieben ist.<\/p><h4 data-start=\"914\" data-end=\"932\"><strong data-start=\"917\" data-end=\"932\">Ihre Rechte<\/strong><\/h4><p data-start=\"934\" data-end=\"1209\">Sie haben das Recht, auf Ihre personenbezogenen Daten zuzugreifen, sie zu berichtigen, zu l\u00f6schen, die Verarbeitung einzuschr\u00e4nken oder Ihre Daten \u00fcbertragen zu lassen. F\u00fcr entsprechende Anfragen k\u00f6nnen Sie uns \u00fcber die auf unserer Website angegebenen Kontaktdaten erreichen.<\/p><h4>Cookies und Analysen<\/h4><p>Unsere Website verwendet Cookies, um die Benutzererfahrung zu verbessern. Google Analytics wird verwendet, um anonyme Besucherstatistiken und Leistungsdaten der Website zu erfassen.<\/p><h4 data-start=\"1433\" data-end=\"1479\"><strong data-start=\"1436\" data-end=\"1479\">\u00c4nderungen dieser Datenschutzrichtlinie<\/strong><\/h4><p data-start=\"1481\" data-end=\"1626\">Wir behalten uns das Recht vor, diese Datenschutzrichtlinie zu \u00e4ndern. Die jeweils aktuellste Version wird stets auf dieser Seite verf\u00fcgbar sein.<\/p>\t\t\t\t\t\t\t\t<\/div>\n\t\t\t\t\t<\/div>\n\t\t<\/div>\n\t\t\t\t\t<\/div>\n\t\t<\/section>\n\t\t\t\t<\/div>\n\t\t","protected":false},"excerpt":{"rendered":"<p>Datenschutzrichtlinie \u00dcber unsere Datenschutzrichtlinie Eskey misst Ihrem Datenschutz gro\u00dfe Bedeutung bei und verarbeitet ausschlie\u00dflich die Daten, die notwendig sind, um unsere Dienstleistungen zu verbessern und Ihre Bestellungen zu bearbeiten. Diese Datenschutzrichtlinie gilt f\u00fcr die Nutzung unserer Website und unserer Services. \u00c4nderungen werden auf dieser Seite aktualisiert. Datenverarbeitung E-commerce Platform Unser Webshop l\u00e4uft auf WooCommerce, das [&hellip;]<\/p>\n","protected":false},"author":1,"featured_media":0,"parent":0,"menu_order":0,"comment_status":"closed","ping_status":"open","template":"","meta":{"footnotes":""},"class_list":["post-4270","page","type-page","status-publish","hentry"],"yoast_head":"<!-- This site is optimized with the Yoast SEO plugin v26.9 - https:\/\/yoast.com\/product\/yoast-seo-wordpress\/ -->\n<title>Datenschutzerkl\u00e4rung - Eskey \u2013 Official\u00ae EU Webstore for Foldable Shopping Trolleys<\/title>\n<meta name=\"robots\" content=\"index, follow, max-snippet:-1, max-image-preview:large, max-video-preview:-1\" \/>\n<link rel=\"canonical\" href=\"https:\/\/eskey.eu\/de\/datenschutzerklaerung\/\" \/>\n<meta property=\"og:locale\" content=\"de_DE\" \/>\n<meta property=\"og:type\" content=\"article\" \/>\n<meta property=\"og:title\" content=\"Datenschutzerkl\u00e4rung - Eskey \u2013 Official\u00ae EU Webstore for Foldable Shopping Trolleys\" \/>\n<meta property=\"og:description\" content=\"Datenschutzrichtlinie \u00dcber unsere Datenschutzrichtlinie Eskey misst Ihrem Datenschutz gro\u00dfe Bedeutung bei und verarbeitet ausschlie\u00dflich die Daten, die notwendig sind, um unsere Dienstleistungen zu verbessern und Ihre Bestellungen zu bearbeiten. Diese Datenschutzrichtlinie gilt f\u00fcr die Nutzung unserer Website und unserer Services. \u00c4nderungen werden auf dieser Seite aktualisiert. Datenverarbeitung E-commerce Platform Unser Webshop l\u00e4uft auf WooCommerce, das [&hellip;]\" \/>\n<meta property=\"og:url\" content=\"https:\/\/eskey.eu\/de\/datenschutzerklaerung\/\" \/>\n<meta property=\"og:site_name\" content=\"Eskey \u2013 Official\u00ae EU Webstore for Foldable Shopping Trolleys\" \/>\n<meta property=\"article:publisher\" content=\"https:\/\/www.facebook.com\/profile.php?id=61572412692300\" \/>\n<meta property=\"article:modified_time\" content=\"2026-01-05T23:38:16+00:00\" \/>\n<meta name=\"twitter:card\" content=\"summary_large_image\" \/>\n<meta name=\"twitter:label1\" content=\"Gesch\u00e4tzte Lesezeit\" \/>\n\t<meta name=\"twitter:data1\" content=\"1\u00a0Minute\" \/>\n<script type=\"application\/ld+json\" class=\"yoast-schema-graph\">{\"@context\":\"https:\/\/schema.org\",\"@graph\":[{\"@type\":\"WebPage\",\"@id\":\"https:\/\/eskey.eu\/de\/datenschutzerklaerung\/\",\"url\":\"https:\/\/eskey.eu\/de\/datenschutzerklaerung\/\",\"name\":\"Datenschutzerkl\u00e4rung - Eskey \u2013 Official\u00ae EU Webstore for Foldable Shopping Trolleys\",\"isPartOf\":{\"@id\":\"https:\/\/eskey.eu\/#website\"},\"datePublished\":\"2025-11-22T20:58:25+00:00\",\"dateModified\":\"2026-01-05T23:38:16+00:00\",\"breadcrumb\":{\"@id\":\"https:\/\/eskey.eu\/de\/datenschutzerklaerung\/#breadcrumb\"},\"inLanguage\":\"de\",\"potentialAction\":[{\"@type\":\"ReadAction\",\"target\":[\"https:\/\/eskey.eu\/de\/datenschutzerklaerung\/\"]}]},{\"@type\":\"BreadcrumbList\",\"@id\":\"https:\/\/eskey.eu\/de\/datenschutzerklaerung\/#breadcrumb\",\"itemListElement\":[{\"@type\":\"ListItem\",\"position\":1,\"name\":\"Home\",\"item\":\"https:\/\/eskey.eu\/de\/\"},{\"@type\":\"ListItem\",\"position\":2,\"name\":\"Datenschutzerkl\u00e4rung\"}]},{\"@type\":\"WebSite\",\"@id\":\"https:\/\/eskey.eu\/#website\",\"url\":\"https:\/\/eskey.eu\/\",\"name\":\"Eskey \u2013 Official\u00ae EU Webstore for Foldable Shopping Trolleys\",\"description\":\"\",\"publisher\":{\"@id\":\"https:\/\/eskey.eu\/#organization\"},\"potentialAction\":[{\"@type\":\"SearchAction\",\"target\":{\"@type\":\"EntryPoint\",\"urlTemplate\":\"https:\/\/eskey.eu\/?s={search_term_string}\"},\"query-input\":{\"@type\":\"PropertyValueSpecification\",\"valueRequired\":true,\"valueName\":\"search_term_string\"}}],\"inLanguage\":\"de\"},{\"@type\":\"Organization\",\"@id\":\"https:\/\/eskey.eu\/#organization\",\"name\":\"Eskey\u00ae Official \u2013 Stabile & Faltbare Einkaufstrolleys f\u00fcr den Alltag\",\"url\":\"https:\/\/eskey.eu\/\",\"logo\":{\"@type\":\"ImageObject\",\"inLanguage\":\"de\",\"@id\":\"https:\/\/eskey.eu\/#\/schema\/logo\/image\/\",\"url\":\"https:\/\/eskey.eu\/wp-content\/uploads\/2025\/11\/black.webp\",\"contentUrl\":\"https:\/\/eskey.eu\/wp-content\/uploads\/2025\/11\/black.webp\",\"width\":1600,\"height\":581,\"caption\":\"Eskey\u00ae Official \u2013 Stabile & Faltbare Einkaufstrolleys f\u00fcr den Alltag\"},\"image\":{\"@id\":\"https:\/\/eskey.eu\/#\/schema\/logo\/image\/\"},\"sameAs\":[\"https:\/\/www.facebook.com\/profile.php?id=61572412692300\"]}]}<\/script>\n<!-- \/ Yoast SEO plugin. -->","yoast_head_json":{"title":"Datenschutzerkl\u00e4rung - Eskey \u2013 Official\u00ae EU Webstore for Foldable Shopping Trolleys","robots":{"index":"index","follow":"follow","max-snippet":"max-snippet:-1","max-image-preview":"max-image-preview:large","max-video-preview":"max-video-preview:-1"},"canonical":"https:\/\/eskey.eu\/de\/datenschutzerklaerung\/","og_locale":"de_DE","og_type":"article","og_title":"Datenschutzerkl\u00e4rung - Eskey \u2013 Official\u00ae EU Webstore for Foldable Shopping Trolleys","og_description":"Datenschutzrichtlinie \u00dcber unsere Datenschutzrichtlinie Eskey misst Ihrem Datenschutz gro\u00dfe Bedeutung bei und verarbeitet ausschlie\u00dflich die Daten, die notwendig sind, um unsere Dienstleistungen zu verbessern und Ihre Bestellungen zu bearbeiten. Diese Datenschutzrichtlinie gilt f\u00fcr die Nutzung unserer Website und unserer Services. \u00c4nderungen werden auf dieser Seite aktualisiert. Datenverarbeitung E-commerce Platform Unser Webshop l\u00e4uft auf WooCommerce, das [&hellip;]","og_url":"https:\/\/eskey.eu\/de\/datenschutzerklaerung\/","og_site_name":"Eskey \u2013 Official\u00ae EU Webstore for Foldable Shopping Trolleys","article_publisher":"https:\/\/www.facebook.com\/profile.php?id=61572412692300","article_modified_time":"2026-01-05T23:38:16+00:00","twitter_card":"summary_large_image","twitter_misc":{"Gesch\u00e4tzte Lesezeit":"1\u00a0Minute"},"schema":{"@context":"https:\/\/schema.org","@graph":[{"@type":"WebPage","@id":"https:\/\/eskey.eu\/de\/datenschutzerklaerung\/","url":"https:\/\/eskey.eu\/de\/datenschutzerklaerung\/","name":"Datenschutzerkl\u00e4rung - Eskey \u2013 Official\u00ae EU Webstore for Foldable Shopping Trolleys","isPartOf":{"@id":"https:\/\/eskey.eu\/#website"},"datePublished":"2025-11-22T20:58:25+00:00","dateModified":"2026-01-05T23:38:16+00:00","breadcrumb":{"@id":"https:\/\/eskey.eu\/de\/datenschutzerklaerung\/#breadcrumb"},"inLanguage":"de","potentialAction":[{"@type":"ReadAction","target":["https:\/\/eskey.eu\/de\/datenschutzerklaerung\/"]}]},{"@type":"BreadcrumbList","@id":"https:\/\/eskey.eu\/de\/datenschutzerklaerung\/#breadcrumb","itemListElement":[{"@type":"ListItem","position":1,"name":"Home","item":"https:\/\/eskey.eu\/de\/"},{"@type":"ListItem","position":2,"name":"Datenschutzerkl\u00e4rung"}]},{"@type":"WebSite","@id":"https:\/\/eskey.eu\/#website","url":"https:\/\/eskey.eu\/","name":"Eskey \u2013 Official\u00ae EU Webstore for Foldable Shopping Trolleys","description":"","publisher":{"@id":"https:\/\/eskey.eu\/#organization"},"potentialAction":[{"@type":"SearchAction","target":{"@type":"EntryPoint","urlTemplate":"https:\/\/eskey.eu\/?s={search_term_string}"},"query-input":{"@type":"PropertyValueSpecification","valueRequired":true,"valueName":"search_term_string"}}],"inLanguage":"de"},{"@type":"Organization","@id":"https:\/\/eskey.eu\/#organization","name":"Eskey\u00ae Official \u2013 Stabile & Faltbare Einkaufstrolleys f\u00fcr den Alltag","url":"https:\/\/eskey.eu\/","logo":{"@type":"ImageObject","inLanguage":"de","@id":"https:\/\/eskey.eu\/#\/schema\/logo\/image\/","url":"https:\/\/eskey.eu\/wp-content\/uploads\/2025\/11\/black.webp","contentUrl":"https:\/\/eskey.eu\/wp-content\/uploads\/2025\/11\/black.webp","width":1600,"height":581,"caption":"Eskey\u00ae Official \u2013 Stabile & Faltbare Einkaufstrolleys f\u00fcr den Alltag"},"image":{"@id":"https:\/\/eskey.eu\/#\/schema\/logo\/image\/"},"sameAs":["https:\/\/www.facebook.com\/profile.php?id=61572412692300"]}]}},"_hostinger_reach_plugin_has_subscription_block":false,"_hostinger_reach_plugin_is_elementor":false,"_links":{"self":[{"href":"https:\/\/eskey.eu\/de\/wp-json\/wp\/v2\/pages\/4270","targetHints":{"allow":["GET"]}}],"collection":[{"href":"https:\/\/eskey.eu\/de\/wp-json\/wp\/v2\/pages"}],"about":[{"href":"https:\/\/eskey.eu\/de\/wp-json\/wp\/v2\/types\/page"}],"author":[{"embeddable":true,"href":"https:\/\/eskey.eu\/de\/wp-json\/wp\/v2\/users\/1"}],"replies":[{"embeddable":true,"href":"https:\/\/eskey.eu\/de\/wp-json\/wp\/v2\/comments?post=4270"}],"version-history":[{"count":4,"href":"https:\/\/eskey.eu\/de\/wp-json\/wp\/v2\/pages\/4270\/revisions"}],"predecessor-version":[{"id":5959,"href":"https:\/\/eskey.eu\/de\/wp-json\/wp\/v2\/pages\/4270\/revisions\/5959"}],"wp:attachment":[{"href":"https:\/\/eskey.eu\/de\/wp-json\/wp\/v2\/media?parent=4270"}],"curies":[{"name":"wp","href":"https:\/\/api.w.org\/{rel}","templated":true}]}}