{"id":4252,"date":"2025-11-23T14:54:58","date_gmt":"2025-11-23T13:54:58","guid":{"rendered":"https:\/\/eskey.eu\/about-us\/"},"modified":"2026-01-22T08:54:16","modified_gmt":"2026-01-22T07:54:16","slug":"uber-uns","status":"publish","type":"page","link":"https:\/\/eskey.eu\/de\/uber-uns\/","title":{"rendered":"\u00dcber Uns"},"content":{"rendered":"\t\t<div data-elementor-type=\"wp-page\" data-elementor-id=\"4252\" class=\"elementor elementor-4252 elementor-3891\">\n\t\t\t\t\t\t<section class=\"elementor-section elementor-top-section elementor-element elementor-element-4ee7f0d elementor-section-boxed elementor-section-height-default elementor-section-height-default\" data-id=\"4ee7f0d\" data-element_type=\"section\" data-e-type=\"section\">\n\t\t\t\t\t\t<div class=\"elementor-container elementor-column-gap-default\">\n\t\t\t\t\t<div class=\"elementor-column elementor-col-50 elementor-top-column elementor-element elementor-element-d9621d6\" data-id=\"d9621d6\" data-element_type=\"column\" data-e-type=\"column\">\n\t\t\t<div class=\"elementor-widget-wrap elementor-element-populated\">\n\t\t\t\t\t\t<div class=\"elementor-element elementor-element-58b5c40 elementor-widget elementor-widget-heading\" data-id=\"58b5c40\" data-element_type=\"widget\" data-e-type=\"widget\" data-widget_type=\"heading.default\">\n\t\t\t\t\t<h3 class=\"elementor-heading-title elementor-size-default\">Unsere Geschichte<\/h3>\t\t\t\t<\/div>\n\t\t\t\t<div class=\"elementor-element elementor-element-91e5836 elementor-widget__width-initial elementor-widget elementor-widget-text-editor\" data-id=\"91e5836\" data-element_type=\"widget\" data-e-type=\"widget\" data-widget_type=\"text-editor.default\">\n\t\t\t\t\t\t\t\t\t<p>Eskey wurde gegr\u00fcndet, um die Art und Weise, wie Menschen einkaufen, neu zu definieren. Wir setzen auf Komfort, Langlebigkeit und m\u00fchelose Benutzerfreundlichkeit durch intelligentes Design und hochwertige Verarbeitung. Unsere Premium Einkaufstrolleys sind f\u00fcr alle gedacht, die im Alltag Wert auf Praktikabilit\u00e4t und Zuverl\u00e4ssigkeit legen. Jeder Eskey Trolley vereint modernen Stil, robuste Materialien und benutzerfreundliche Innovationen, um jeden Einkauf einfacher und effizienter zu machen.<\/p>\t\t\t\t\t\t\t\t<\/div>\n\t\t\t\t<div class=\"elementor-element elementor-element-6da3828 elementor-widget elementor-widget-spacer\" data-id=\"6da3828\" data-element_type=\"widget\" data-e-type=\"widget\" data-widget_type=\"spacer.default\">\n\t\t\t\t\t\t\t<div class=\"elementor-spacer\">\n\t\t\t<div class=\"elementor-spacer-inner\"><\/div>\n\t\t<\/div>\n\t\t\t\t\t\t<\/div>\n\t\t\t\t<div class=\"elementor-element elementor-element-33751ac elementor-widget elementor-widget-heading\" data-id=\"33751ac\" data-element_type=\"widget\" data-e-type=\"widget\" data-widget_type=\"heading.default\">\n\t\t\t\t\t<h3 class=\"elementor-heading-title elementor-size-default\">Unsere Mission<\/h3>\t\t\t\t<\/div>\n\t\t\t\t<div class=\"elementor-element elementor-element-b525059 elementor-widget elementor-widget-text-editor\" data-id=\"b525059\" data-element_type=\"widget\" data-e-type=\"widget\" data-widget_type=\"text-editor.default\">\n\t\t\t\t\t\t\t\t\t<p data-start=\"761\" data-end=\"1125\">Unsere Mission ist es, das Einkaufserlebnis durch Innovation, Stabilit\u00e4t und ergonomisches Design neu zu gestalten. Wir entwickeln Produkte, die Funktionalit\u00e4t und Komfort verbinden und Menschen helfen, ihren Alltag mit mehr Leichtigkeit und Sicherheit zu bew\u00e4ltigen. Jeder Eskey Trolley ist darauf ausgelegt, Einkaufen einfacher, smarter und angenehmer zu machen.<\/p>\t\t\t\t\t\t\t\t<\/div>\n\t\t\t\t\t<\/div>\n\t\t<\/div>\n\t\t\t\t<div class=\"elementor-column elementor-col-50 elementor-top-column elementor-element elementor-element-8b3f929\" data-id=\"8b3f929\" data-element_type=\"column\" data-e-type=\"column\">\n\t\t\t<div class=\"elementor-widget-wrap elementor-element-populated\">\n\t\t\t\t\t\t<div class=\"elementor-element elementor-element-b0ae84c elementor-widget elementor-widget-nasa-banner-v1\" data-id=\"b0ae84c\" data-element_type=\"widget\" data-e-type=\"widget\" data-widget_type=\"nasa-banner-v1.default\">\n\t\t\t\t<div class=\"elementor-widget-container\">\n\t\t\t\t\t<div class=\"banner nasa-banner\" data-wow-delay=\"\" style=\"height: 355px;\"><div class=\"banner-image nasa-banner-image ns-banner-bg\" style=\"background-image: url(https:\/\/eskey.eu\/wp-content\/uploads\/2025\/11\/eskey-office.jpg);background-position: center center;\" data-height=\"355\" data-width=\"750\"><\/div><\/div>\t\t\t\t<\/div>\n\t\t\t\t<\/div>\n\t\t\t\t\t<\/div>\n\t\t<\/div>\n\t\t\t\t\t<\/div>\n\t\t<\/section>\n\t\t\t\t<section class=\"elementor-section elementor-top-section elementor-element elementor-element-42fb60e elementor-section-boxed elementor-section-height-default elementor-section-height-default\" data-id=\"42fb60e\" data-element_type=\"section\" data-e-type=\"section\">\n\t\t\t\t\t\t<div class=\"elementor-container elementor-column-gap-default\">\n\t\t\t\t\t<div class=\"elementor-column elementor-col-100 elementor-top-column elementor-element elementor-element-0770ac5\" data-id=\"0770ac5\" data-element_type=\"column\" data-e-type=\"column\">\n\t\t\t<div class=\"elementor-widget-wrap elementor-element-populated\">\n\t\t\t\t\t\t<div class=\"elementor-element elementor-element-31ad951 elementor-widget elementor-widget-spacer\" data-id=\"31ad951\" data-element_type=\"widget\" data-e-type=\"widget\" data-widget_type=\"spacer.default\">\n\t\t\t\t\t\t\t<div class=\"elementor-spacer\">\n\t\t\t<div class=\"elementor-spacer-inner\"><\/div>\n\t\t<\/div>\n\t\t\t\t\t\t<\/div>\n\t\t\t\t\t<\/div>\n\t\t<\/div>\n\t\t\t\t\t<\/div>\n\t\t<\/section>\n\t\t\t\t<section class=\"elementor-section elementor-top-section elementor-element elementor-element-25a03c7 elementor-section-boxed elementor-section-height-default elementor-section-height-default\" data-id=\"25a03c7\" data-element_type=\"section\" data-e-type=\"section\">\n\t\t\t\t\t\t<div class=\"elementor-container elementor-column-gap-default\">\n\t\t\t\t\t<div class=\"elementor-column elementor-col-33 elementor-top-column elementor-element elementor-element-ba3279a\" data-id=\"ba3279a\" data-element_type=\"column\" data-e-type=\"column\">\n\t\t\t<div class=\"elementor-widget-wrap elementor-element-populated\">\n\t\t\t\t\t\t<div class=\"elementor-element elementor-element-7a61428 elementor-widget elementor-widget-heading\" data-id=\"7a61428\" data-element_type=\"widget\" data-e-type=\"widget\" data-widget_type=\"heading.default\">\n\t\t\t\t\t<h3 class=\"elementor-heading-title elementor-size-default\">Was wir f\u00fcr Sie tun<\/h3>\t\t\t\t<\/div>\n\t\t\t\t<div class=\"elementor-element elementor-element-4752bee elementor-widget elementor-widget-accordion\" data-id=\"4752bee\" data-element_type=\"widget\" data-e-type=\"widget\" data-widget_type=\"accordion.default\">\n\t\t\t\t\t\t\t<div class=\"elementor-accordion\">\n\t\t\t\t\t\t\t<div class=\"elementor-accordion-item\">\n\t\t\t\t\t<div id=\"elementor-tab-title-7471\" class=\"elementor-tab-title\" data-tab=\"1\" role=\"button\" aria-controls=\"elementor-tab-content-7471\" aria-expanded=\"false\">\n\t\t\t\t\t\t\t\t\t\t\t\t\t<span class=\"elementor-accordion-icon elementor-accordion-icon-left\" aria-hidden=\"true\">\n\t\t\t\t\t\t\t\t\t\t\t\t\t\t\t<span class=\"elementor-accordion-icon-closed\"><svg class=\"e-font-icon-svg e-fas-plus\" viewBox=\"0 0 448 512\" xmlns=\"http:\/\/www.w3.org\/2000\/svg\"><path d=\"M416 208H272V64c0-17.67-14.33-32-32-32h-32c-17.67 0-32 14.33-32 32v144H32c-17.67 0-32 14.33-32 32v32c0 17.67 14.33 32 32 32h144v144c0 17.67 14.33 32 32 32h32c17.67 0 32-14.33 32-32V304h144c17.67 0 32-14.33 32-32v-32c0-17.67-14.33-32-32-32z\"><\/path><\/svg><\/span>\n\t\t\t\t\t\t\t\t<span class=\"elementor-accordion-icon-opened\"><svg class=\"e-font-icon-svg e-fas-minus\" viewBox=\"0 0 448 512\" xmlns=\"http:\/\/www.w3.org\/2000\/svg\"><path d=\"M416 208H32c-17.67 0-32 14.33-32 32v32c0 17.67 14.33 32 32 32h384c17.67 0 32-14.33 32-32v-32c0-17.67-14.33-32-32-32z\"><\/path><\/svg><\/span>\n\t\t\t\t\t\t\t\t\t\t\t\t\t\t<\/span>\n\t\t\t\t\t\t\t\t\t\t\t\t<a class=\"elementor-accordion-title\" tabindex=\"0\">Beste Qualit\u00e4t<\/a>\n\t\t\t\t\t<\/div>\n\t\t\t\t\t<div id=\"elementor-tab-content-7471\" class=\"elementor-tab-content elementor-clearfix\" data-tab=\"1\" role=\"region\" aria-labelledby=\"elementor-tab-title-7471\"><p data-start=\"192\" data-end=\"382\">Bei Eskey steht Qualit\u00e4t an erster Stelle. Jeder faltbare Einkaufstrolley wird aus langlebigen Materialien und mit pr\u00e4ziser Verarbeitung gefertigt, um langfristige Leistung und hohen Komfort zu gew\u00e4hrleisten.<\/p><\/div>\n\t\t\t\t<\/div>\n\t\t\t\t\t\t\t<div class=\"elementor-accordion-item\">\n\t\t\t\t\t<div id=\"elementor-tab-title-7472\" class=\"elementor-tab-title\" data-tab=\"2\" role=\"button\" aria-controls=\"elementor-tab-content-7472\" aria-expanded=\"false\">\n\t\t\t\t\t\t\t\t\t\t\t\t\t<span class=\"elementor-accordion-icon elementor-accordion-icon-left\" aria-hidden=\"true\">\n\t\t\t\t\t\t\t\t\t\t\t\t\t\t\t<span class=\"elementor-accordion-icon-closed\"><svg class=\"e-font-icon-svg e-fas-plus\" viewBox=\"0 0 448 512\" xmlns=\"http:\/\/www.w3.org\/2000\/svg\"><path d=\"M416 208H272V64c0-17.67-14.33-32-32-32h-32c-17.67 0-32 14.33-32 32v144H32c-17.67 0-32 14.33-32 32v32c0 17.67 14.33 32 32 32h144v144c0 17.67 14.33 32 32 32h32c17.67 0 32-14.33 32-32V304h144c17.67 0 32-14.33 32-32v-32c0-17.67-14.33-32-32-32z\"><\/path><\/svg><\/span>\n\t\t\t\t\t\t\t\t<span class=\"elementor-accordion-icon-opened\"><svg class=\"e-font-icon-svg e-fas-minus\" viewBox=\"0 0 448 512\" xmlns=\"http:\/\/www.w3.org\/2000\/svg\"><path d=\"M416 208H32c-17.67 0-32 14.33-32 32v32c0 17.67 14.33 32 32 32h384c17.67 0 32-14.33 32-32v-32c0-17.67-14.33-32-32-32z\"><\/path><\/svg><\/span>\n\t\t\t\t\t\t\t\t\t\t\t\t\t\t<\/span>\n\t\t\t\t\t\t\t\t\t\t\t\t<a class=\"elementor-accordion-title\" tabindex=\"0\">Kundenservice<\/a>\n\t\t\t\t\t<\/div>\n\t\t\t\t\t<div id=\"elementor-tab-content-7472\" class=\"elementor-tab-content elementor-clearfix\" data-tab=\"2\" role=\"region\" aria-labelledby=\"elementor-tab-title-7472\"><p data-start=\"554\" data-end=\"710\">Ihre Zufriedenheit hat f\u00fcr uns h\u00f6chste Priorit\u00e4t. Unser freundliches Support Team unterst\u00fctzt Sie jederzeit bei Produktfragen, Bestellungen oder beim Service nach dem Kauf.<\/p><\/div>\n\t\t\t\t<\/div>\n\t\t\t\t\t\t\t<div class=\"elementor-accordion-item\">\n\t\t\t\t\t<div id=\"elementor-tab-title-7473\" class=\"elementor-tab-title\" data-tab=\"3\" role=\"button\" aria-controls=\"elementor-tab-content-7473\" aria-expanded=\"false\">\n\t\t\t\t\t\t\t\t\t\t\t\t\t<span class=\"elementor-accordion-icon elementor-accordion-icon-left\" aria-hidden=\"true\">\n\t\t\t\t\t\t\t\t\t\t\t\t\t\t\t<span class=\"elementor-accordion-icon-closed\"><svg class=\"e-font-icon-svg e-fas-plus\" viewBox=\"0 0 448 512\" xmlns=\"http:\/\/www.w3.org\/2000\/svg\"><path d=\"M416 208H272V64c0-17.67-14.33-32-32-32h-32c-17.67 0-32 14.33-32 32v144H32c-17.67 0-32 14.33-32 32v32c0 17.67 14.33 32 32 32h144v144c0 17.67 14.33 32 32 32h32c17.67 0 32-14.33 32-32V304h144c17.67 0 32-14.33 32-32v-32c0-17.67-14.33-32-32-32z\"><\/path><\/svg><\/span>\n\t\t\t\t\t\t\t\t<span class=\"elementor-accordion-icon-opened\"><svg class=\"e-font-icon-svg e-fas-minus\" viewBox=\"0 0 448 512\" xmlns=\"http:\/\/www.w3.org\/2000\/svg\"><path d=\"M416 208H32c-17.67 0-32 14.33-32 32v32c0 17.67 14.33 32 32 32h384c17.67 0 32-14.33 32-32v-32c0-17.67-14.33-32-32-32z\"><\/path><\/svg><\/span>\n\t\t\t\t\t\t\t\t\t\t\t\t\t\t<\/span>\n\t\t\t\t\t\t\t\t\t\t\t\t<a class=\"elementor-accordion-title\" tabindex=\"0\">Was wir tun<\/a>\n\t\t\t\t\t<\/div>\n\t\t\t\t\t<div id=\"elementor-tab-content-7473\" class=\"elementor-tab-content elementor-clearfix\" data-tab=\"3\" role=\"region\" aria-labelledby=\"elementor-tab-title-7473\"><p data-start=\"931\" data-end=\"1107\">Wir entwickeln und produzieren Premium faltbare Einkaufstrolleys, die Stil, Stabilit\u00e4t und Funktionalit\u00e4t vereinen. Unser Ziel ist es, Ihren t\u00e4glichen Einkauf einfacher, smarter und angenehmer zu machen.<\/p><\/div>\n\t\t\t\t<\/div>\n\t\t\t\t\t\t\t<div class=\"elementor-accordion-item\">\n\t\t\t\t\t<div id=\"elementor-tab-title-7474\" class=\"elementor-tab-title\" data-tab=\"4\" role=\"button\" aria-controls=\"elementor-tab-content-7474\" aria-expanded=\"false\">\n\t\t\t\t\t\t\t\t\t\t\t\t\t<span class=\"elementor-accordion-icon elementor-accordion-icon-left\" aria-hidden=\"true\">\n\t\t\t\t\t\t\t\t\t\t\t\t\t\t\t<span class=\"elementor-accordion-icon-closed\"><svg class=\"e-font-icon-svg e-fas-plus\" viewBox=\"0 0 448 512\" xmlns=\"http:\/\/www.w3.org\/2000\/svg\"><path d=\"M416 208H272V64c0-17.67-14.33-32-32-32h-32c-17.67 0-32 14.33-32 32v144H32c-17.67 0-32 14.33-32 32v32c0 17.67 14.33 32 32 32h144v144c0 17.67 14.33 32 32 32h32c17.67 0 32-14.33 32-32V304h144c17.67 0 32-14.33 32-32v-32c0-17.67-14.33-32-32-32z\"><\/path><\/svg><\/span>\n\t\t\t\t\t\t\t\t<span class=\"elementor-accordion-icon-opened\"><svg class=\"e-font-icon-svg e-fas-minus\" viewBox=\"0 0 448 512\" xmlns=\"http:\/\/www.w3.org\/2000\/svg\"><path d=\"M416 208H32c-17.67 0-32 14.33-32 32v32c0 17.67 14.33 32 32 32h384c17.67 0 32-14.33 32-32v-32c0-17.67-14.33-32-32-32z\"><\/path><\/svg><\/span>\n\t\t\t\t\t\t\t\t\t\t\t\t\t\t<\/span>\n\t\t\t\t\t\t\t\t\t\t\t\t<a class=\"elementor-accordion-title\" tabindex=\"0\">FAQ<\/a>\n\t\t\t\t\t<\/div>\n\t\t\t\t\t<div id=\"elementor-tab-content-7474\" class=\"elementor-tab-content elementor-clearfix\" data-tab=\"4\" role=\"region\" aria-labelledby=\"elementor-tab-title-7474\"><p data-start=\"1109\" data-end=\"1315\">Hier finden Sie Antworten auf die h\u00e4ufigsten Fragen zu unseren Produkten, Garantie und Lieferung. Wir machen es Ihnen leicht, die Informationen schnell und klar zu erhalten, die Sie ben\u00f6tigen.<\/p><\/div>\n\t\t\t\t<\/div>\n\t\t\t\t\t\t\t<div class=\"elementor-accordion-item\">\n\t\t\t\t\t<div id=\"elementor-tab-title-7475\" class=\"elementor-tab-title\" data-tab=\"5\" role=\"button\" aria-controls=\"elementor-tab-content-7475\" aria-expanded=\"false\">\n\t\t\t\t\t\t\t\t\t\t\t\t\t<span class=\"elementor-accordion-icon elementor-accordion-icon-left\" aria-hidden=\"true\">\n\t\t\t\t\t\t\t\t\t\t\t\t\t\t\t<span class=\"elementor-accordion-icon-closed\"><svg class=\"e-font-icon-svg e-fas-plus\" viewBox=\"0 0 448 512\" xmlns=\"http:\/\/www.w3.org\/2000\/svg\"><path d=\"M416 208H272V64c0-17.67-14.33-32-32-32h-32c-17.67 0-32 14.33-32 32v144H32c-17.67 0-32 14.33-32 32v32c0 17.67 14.33 32 32 32h144v144c0 17.67 14.33 32 32 32h32c17.67 0 32-14.33 32-32V304h144c17.67 0 32-14.33 32-32v-32c0-17.67-14.33-32-32-32z\"><\/path><\/svg><\/span>\n\t\t\t\t\t\t\t\t<span class=\"elementor-accordion-icon-opened\"><svg class=\"e-font-icon-svg e-fas-minus\" viewBox=\"0 0 448 512\" xmlns=\"http:\/\/www.w3.org\/2000\/svg\"><path d=\"M416 208H32c-17.67 0-32 14.33-32 32v32c0 17.67 14.33 32 32 32h384c17.67 0 32-14.33 32-32v-32c0-17.67-14.33-32-32-32z\"><\/path><\/svg><\/span>\n\t\t\t\t\t\t\t\t\t\t\t\t\t\t<\/span>\n\t\t\t\t\t\t\t\t\t\t\t\t<a class=\"elementor-accordion-title\" tabindex=\"0\">Unser Service<\/a>\n\t\t\t\t\t<\/div>\n\t\t\t\t\t<div id=\"elementor-tab-content-7475\" class=\"elementor-tab-content elementor-clearfix\" data-tab=\"5\" role=\"region\" aria-labelledby=\"elementor-tab-title-7475\"><p data-start=\"2331\" data-end=\"2546\">Wir bieten zuverl\u00e4ssige Lieferung, engagierten Support und eine Zufriedenheitsgarantie bei jedem Kauf. Bei Eskey stehen wir hinter jedem Trolley, den wir herstellen, damit Sie mit voller Sicherheit einkaufen k\u00f6nnen.<\/p><\/div>\n\t\t\t\t<\/div>\n\t\t\t\t\t\t\t\t<\/div>\n\t\t\t\t\t\t<\/div>\n\t\t\t\t\t<\/div>\n\t\t<\/div>\n\t\t\t\t<div class=\"elementor-column elementor-col-33 elementor-top-column elementor-element elementor-element-b19f367\" data-id=\"b19f367\" data-element_type=\"column\" data-e-type=\"column\">\n\t\t\t<div class=\"elementor-widget-wrap\">\n\t\t\t\t\t\t\t<\/div>\n\t\t<\/div>\n\t\t\t\t<div class=\"elementor-column elementor-col-33 elementor-top-column elementor-element elementor-element-ceaf24a\" data-id=\"ceaf24a\" data-element_type=\"column\" data-e-type=\"column\">\n\t\t\t<div class=\"elementor-widget-wrap elementor-element-populated\">\n\t\t\t\t\t\t<div class=\"elementor-element elementor-element-0ef1481 elementor-widget elementor-widget-heading\" data-id=\"0ef1481\" data-element_type=\"widget\" data-e-type=\"widget\" data-widget_type=\"heading.default\">\n\t\t\t\t\t<h3 class=\"elementor-heading-title elementor-size-default\">Horaires de fonctionnement<\/h3>\t\t\t\t<\/div>\n\t\t\t\t<div class=\"elementor-element elementor-element-d379496 elementor-widget elementor-widget-text-editor\" data-id=\"d379496\" data-element_type=\"widget\" data-e-type=\"widget\" data-widget_type=\"text-editor.default\">\n\t\t\t\t\t\t\t\t\t<table style=\"font-weight: 600;\"><tbody><tr><td>Montag:<\/td><td class=\"text-right\">10:00 &#8211; 17:00<\/td><\/tr><tr><td>Dienstag:<\/td><td class=\"text-right\">10:00 &#8211; 17:00<\/td><\/tr><tr><td>Mittwoch:<\/td><td class=\"text-right\">10:00 &#8211; 17:00<\/td><\/tr><tr><td>Donnerstag:<\/td><td class=\"text-right\">10:00 &#8211; 17:00<\/td><\/tr><tr><td>Freitag:<\/td><td class=\"text-right\">10:00 &#8211; 17:00<\/td><\/tr><tr><td>Samstag:<\/td><td class=\"text-right\">Geschlossen<\/td><\/tr><tr><td>Sonntag:<\/td><td class=\"text-right\">Geschlossen<\/td><\/tr><\/tbody><\/table>\t\t\t\t\t\t\t\t<\/div>\n\t\t\t\t\t<\/div>\n\t\t<\/div>\n\t\t\t\t\t<\/div>\n\t\t<\/section>\n\t\t\t\t<\/div>\n\t\t","protected":false},"excerpt":{"rendered":"<p>Unsere Geschichte Eskey wurde gegr\u00fcndet, um die Art und Weise, wie Menschen einkaufen, neu zu definieren. Wir setzen auf Komfort, Langlebigkeit und m\u00fchelose Benutzerfreundlichkeit durch intelligentes Design und hochwertige Verarbeitung. Unsere Premium Einkaufstrolleys sind f\u00fcr alle gedacht, die im Alltag Wert auf Praktikabilit\u00e4t und Zuverl\u00e4ssigkeit legen. Jeder Eskey Trolley vereint modernen Stil, robuste Materialien und [&hellip;]<\/p>\n","protected":false},"author":1,"featured_media":0,"parent":0,"menu_order":0,"comment_status":"closed","ping_status":"closed","template":"","meta":{"footnotes":""},"class_list":["post-4252","page","type-page","status-publish","hentry"],"yoast_head":"<!-- This site is optimized with the Yoast SEO plugin v26.9 - https:\/\/yoast.com\/product\/yoast-seo-wordpress\/ -->\n<title>\u00dcber Uns - Eskey \u2013 Official\u00ae EU Webstore for Foldable Shopping Trolleys<\/title>\n<meta name=\"robots\" content=\"index, follow, max-snippet:-1, max-image-preview:large, max-video-preview:-1\" \/>\n<link rel=\"canonical\" href=\"https:\/\/eskey.eu\/de\/uber-uns\/\" \/>\n<meta property=\"og:locale\" content=\"de_DE\" \/>\n<meta property=\"og:type\" content=\"article\" \/>\n<meta property=\"og:title\" content=\"\u00dcber Uns - Eskey \u2013 Official\u00ae EU Webstore for Foldable Shopping Trolleys\" \/>\n<meta property=\"og:description\" content=\"Unsere Geschichte Eskey wurde gegr\u00fcndet, um die Art und Weise, wie Menschen einkaufen, neu zu definieren. Wir setzen auf Komfort, Langlebigkeit und m\u00fchelose Benutzerfreundlichkeit durch intelligentes Design und hochwertige Verarbeitung. Unsere Premium Einkaufstrolleys sind f\u00fcr alle gedacht, die im Alltag Wert auf Praktikabilit\u00e4t und Zuverl\u00e4ssigkeit legen. Jeder Eskey Trolley vereint modernen Stil, robuste Materialien und [&hellip;]\" \/>\n<meta property=\"og:url\" content=\"https:\/\/eskey.eu\/de\/uber-uns\/\" \/>\n<meta property=\"og:site_name\" content=\"Eskey \u2013 Official\u00ae EU Webstore for Foldable Shopping Trolleys\" \/>\n<meta property=\"article:publisher\" content=\"https:\/\/www.facebook.com\/profile.php?id=61572412692300\" \/>\n<meta property=\"article:modified_time\" content=\"2026-01-22T07:54:16+00:00\" \/>\n<meta name=\"twitter:card\" content=\"summary_large_image\" \/>\n<meta name=\"twitter:label1\" content=\"Gesch\u00e4tzte Lesezeit\" \/>\n\t<meta name=\"twitter:data1\" content=\"2\u00a0Minuten\" \/>\n<script type=\"application\/ld+json\" class=\"yoast-schema-graph\">{\"@context\":\"https:\/\/schema.org\",\"@graph\":[{\"@type\":\"WebPage\",\"@id\":\"https:\/\/eskey.eu\/de\/uber-uns\/\",\"url\":\"https:\/\/eskey.eu\/de\/uber-uns\/\",\"name\":\"\u00dcber Uns - Eskey \u2013 Official\u00ae EU Webstore for Foldable Shopping Trolleys\",\"isPartOf\":{\"@id\":\"https:\/\/eskey.eu\/#website\"},\"datePublished\":\"2025-11-23T13:54:58+00:00\",\"dateModified\":\"2026-01-22T07:54:16+00:00\",\"breadcrumb\":{\"@id\":\"https:\/\/eskey.eu\/de\/uber-uns\/#breadcrumb\"},\"inLanguage\":\"de\",\"potentialAction\":[{\"@type\":\"ReadAction\",\"target\":[\"https:\/\/eskey.eu\/de\/uber-uns\/\"]}]},{\"@type\":\"BreadcrumbList\",\"@id\":\"https:\/\/eskey.eu\/de\/uber-uns\/#breadcrumb\",\"itemListElement\":[{\"@type\":\"ListItem\",\"position\":1,\"name\":\"Home\",\"item\":\"https:\/\/eskey.eu\/de\/\"},{\"@type\":\"ListItem\",\"position\":2,\"name\":\"\u00dcber Uns\"}]},{\"@type\":\"WebSite\",\"@id\":\"https:\/\/eskey.eu\/#website\",\"url\":\"https:\/\/eskey.eu\/\",\"name\":\"Eskey \u2013 Official\u00ae EU Webstore for Foldable Shopping Trolleys\",\"description\":\"\",\"publisher\":{\"@id\":\"https:\/\/eskey.eu\/#organization\"},\"potentialAction\":[{\"@type\":\"SearchAction\",\"target\":{\"@type\":\"EntryPoint\",\"urlTemplate\":\"https:\/\/eskey.eu\/?s={search_term_string}\"},\"query-input\":{\"@type\":\"PropertyValueSpecification\",\"valueRequired\":true,\"valueName\":\"search_term_string\"}}],\"inLanguage\":\"de\"},{\"@type\":\"Organization\",\"@id\":\"https:\/\/eskey.eu\/#organization\",\"name\":\"Eskey\u00ae Official \u2013 Stabile & Faltbare Einkaufstrolleys f\u00fcr den Alltag\",\"url\":\"https:\/\/eskey.eu\/\",\"logo\":{\"@type\":\"ImageObject\",\"inLanguage\":\"de\",\"@id\":\"https:\/\/eskey.eu\/#\/schema\/logo\/image\/\",\"url\":\"https:\/\/eskey.eu\/wp-content\/uploads\/2025\/11\/black.webp\",\"contentUrl\":\"https:\/\/eskey.eu\/wp-content\/uploads\/2025\/11\/black.webp\",\"width\":1600,\"height\":581,\"caption\":\"Eskey\u00ae Official \u2013 Stabile & Faltbare Einkaufstrolleys f\u00fcr den Alltag\"},\"image\":{\"@id\":\"https:\/\/eskey.eu\/#\/schema\/logo\/image\/\"},\"sameAs\":[\"https:\/\/www.facebook.com\/profile.php?id=61572412692300\"]}]}<\/script>\n<!-- \/ Yoast SEO plugin. -->","yoast_head_json":{"title":"\u00dcber Uns - Eskey \u2013 Official\u00ae EU Webstore for Foldable Shopping Trolleys","robots":{"index":"index","follow":"follow","max-snippet":"max-snippet:-1","max-image-preview":"max-image-preview:large","max-video-preview":"max-video-preview:-1"},"canonical":"https:\/\/eskey.eu\/de\/uber-uns\/","og_locale":"de_DE","og_type":"article","og_title":"\u00dcber Uns - Eskey \u2013 Official\u00ae EU Webstore for Foldable Shopping Trolleys","og_description":"Unsere Geschichte Eskey wurde gegr\u00fcndet, um die Art und Weise, wie Menschen einkaufen, neu zu definieren. Wir setzen auf Komfort, Langlebigkeit und m\u00fchelose Benutzerfreundlichkeit durch intelligentes Design und hochwertige Verarbeitung. Unsere Premium Einkaufstrolleys sind f\u00fcr alle gedacht, die im Alltag Wert auf Praktikabilit\u00e4t und Zuverl\u00e4ssigkeit legen. Jeder Eskey Trolley vereint modernen Stil, robuste Materialien und [&hellip;]","og_url":"https:\/\/eskey.eu\/de\/uber-uns\/","og_site_name":"Eskey \u2013 Official\u00ae EU Webstore for Foldable Shopping Trolleys","article_publisher":"https:\/\/www.facebook.com\/profile.php?id=61572412692300","article_modified_time":"2026-01-22T07:54:16+00:00","twitter_card":"summary_large_image","twitter_misc":{"Gesch\u00e4tzte Lesezeit":"2\u00a0Minuten"},"schema":{"@context":"https:\/\/schema.org","@graph":[{"@type":"WebPage","@id":"https:\/\/eskey.eu\/de\/uber-uns\/","url":"https:\/\/eskey.eu\/de\/uber-uns\/","name":"\u00dcber Uns - Eskey \u2013 Official\u00ae EU Webstore for Foldable Shopping Trolleys","isPartOf":{"@id":"https:\/\/eskey.eu\/#website"},"datePublished":"2025-11-23T13:54:58+00:00","dateModified":"2026-01-22T07:54:16+00:00","breadcrumb":{"@id":"https:\/\/eskey.eu\/de\/uber-uns\/#breadcrumb"},"inLanguage":"de","potentialAction":[{"@type":"ReadAction","target":["https:\/\/eskey.eu\/de\/uber-uns\/"]}]},{"@type":"BreadcrumbList","@id":"https:\/\/eskey.eu\/de\/uber-uns\/#breadcrumb","itemListElement":[{"@type":"ListItem","position":1,"name":"Home","item":"https:\/\/eskey.eu\/de\/"},{"@type":"ListItem","position":2,"name":"\u00dcber Uns"}]},{"@type":"WebSite","@id":"https:\/\/eskey.eu\/#website","url":"https:\/\/eskey.eu\/","name":"Eskey \u2013 Official\u00ae EU Webstore for Foldable Shopping Trolleys","description":"","publisher":{"@id":"https:\/\/eskey.eu\/#organization"},"potentialAction":[{"@type":"SearchAction","target":{"@type":"EntryPoint","urlTemplate":"https:\/\/eskey.eu\/?s={search_term_string}"},"query-input":{"@type":"PropertyValueSpecification","valueRequired":true,"valueName":"search_term_string"}}],"inLanguage":"de"},{"@type":"Organization","@id":"https:\/\/eskey.eu\/#organization","name":"Eskey\u00ae Official \u2013 Stabile & Faltbare Einkaufstrolleys f\u00fcr den Alltag","url":"https:\/\/eskey.eu\/","logo":{"@type":"ImageObject","inLanguage":"de","@id":"https:\/\/eskey.eu\/#\/schema\/logo\/image\/","url":"https:\/\/eskey.eu\/wp-content\/uploads\/2025\/11\/black.webp","contentUrl":"https:\/\/eskey.eu\/wp-content\/uploads\/2025\/11\/black.webp","width":1600,"height":581,"caption":"Eskey\u00ae Official \u2013 Stabile & Faltbare Einkaufstrolleys f\u00fcr den Alltag"},"image":{"@id":"https:\/\/eskey.eu\/#\/schema\/logo\/image\/"},"sameAs":["https:\/\/www.facebook.com\/profile.php?id=61572412692300"]}]}},"_hostinger_reach_plugin_has_subscription_block":false,"_hostinger_reach_plugin_is_elementor":false,"_links":{"self":[{"href":"https:\/\/eskey.eu\/de\/wp-json\/wp\/v2\/pages\/4252","targetHints":{"allow":["GET"]}}],"collection":[{"href":"https:\/\/eskey.eu\/de\/wp-json\/wp\/v2\/pages"}],"about":[{"href":"https:\/\/eskey.eu\/de\/wp-json\/wp\/v2\/types\/page"}],"author":[{"embeddable":true,"href":"https:\/\/eskey.eu\/de\/wp-json\/wp\/v2\/users\/1"}],"replies":[{"embeddable":true,"href":"https:\/\/eskey.eu\/de\/wp-json\/wp\/v2\/comments?post=4252"}],"version-history":[{"count":14,"href":"https:\/\/eskey.eu\/de\/wp-json\/wp\/v2\/pages\/4252\/revisions"}],"predecessor-version":[{"id":6504,"href":"https:\/\/eskey.eu\/de\/wp-json\/wp\/v2\/pages\/4252\/revisions\/6504"}],"wp:attachment":[{"href":"https:\/\/eskey.eu\/de\/wp-json\/wp\/v2\/media?parent=4252"}],"curies":[{"name":"wp","href":"https:\/\/api.w.org\/{rel}","templated":true}]}}