{"id":4246,"date":"2025-11-23T16:20:10","date_gmt":"2025-11-23T15:20:10","guid":{"rendered":"https:\/\/eskey.eu\/order-return\/"},"modified":"2026-03-17T12:13:50","modified_gmt":"2026-03-17T11:13:50","slug":"versand-rueckgabe","status":"publish","type":"page","link":"https:\/\/eskey.eu\/de\/versand-rueckgabe\/","title":{"rendered":"Versand &#038; R\u00fcckgabe"},"content":{"rendered":"\t\t<div data-elementor-type=\"wp-page\" data-elementor-id=\"4246\" class=\"elementor elementor-4246 elementor-22\">\n\t\t\t\t\t\t<section class=\"elementor-section elementor-top-section elementor-element elementor-element-121625b elementor-section-boxed elementor-section-height-default elementor-section-height-default\" data-id=\"121625b\" data-element_type=\"section\" data-e-type=\"section\">\n\t\t\t\t\t\t<div class=\"elementor-container elementor-column-gap-default\">\n\t\t\t\t\t<div class=\"elementor-column elementor-col-50 elementor-top-column elementor-element elementor-element-af3f93d\" data-id=\"af3f93d\" data-element_type=\"column\" data-e-type=\"column\">\n\t\t\t<div class=\"elementor-widget-wrap elementor-element-populated\">\n\t\t\t\t\t\t<div class=\"elementor-element elementor-element-7ab3b40 elementor-widget elementor-widget-heading\" data-id=\"7ab3b40\" data-element_type=\"widget\" data-e-type=\"widget\" data-widget_type=\"heading.default\">\n\t\t\t\t\t<h3 class=\"elementor-heading-title elementor-size-default\">Lieferzeit<\/h3>\t\t\t\t<\/div>\n\t\t\t\t<div class=\"elementor-element elementor-element-d8c41f8 elementor-widget elementor-widget-text-editor\" data-id=\"d8c41f8\" data-element_type=\"widget\" data-e-type=\"widget\" data-widget_type=\"text-editor.default\">\n\t\t\t\t\t\t\t\t\t<p data-path-to-node=\"3\">Wir tun unser Bestes, um Ihre Bestellung so schnell wie m\u00f6glich zu liefern.<\/p><ul><li data-path-to-node=\"4,0,0\">Bestellungen, die vor <b data-path-to-node=\"4,0,0\" data-index-in-node=\"22\">15:00 Uhr<\/b> eingehen, werden noch am selben Tag versandt.<\/li><li data-path-to-node=\"4,1,0\">Die voraussichtliche Lieferzeit innerhalb Europas betr\u00e4gt <b data-path-to-node=\"4,1,0\" data-index-in-node=\"58\">1-3 Werktage<\/b>.<\/li><li data-path-to-node=\"4,2,0\">Sollte es zu Verz\u00f6gerungen kommen, werden wir Sie so schnell wie m\u00f6glich informieren.<\/li><\/ul>\t\t\t\t\t\t\t\t<\/div>\n\t\t\t\t<div class=\"elementor-element elementor-element-5f7f5a4 elementor-widget elementor-widget-heading\" data-id=\"5f7f5a4\" data-element_type=\"widget\" data-e-type=\"widget\" data-widget_type=\"heading.default\">\n\t\t\t\t\t<h3 class=\"elementor-heading-title elementor-size-default\">Versandkosten<\/h3>\t\t\t\t<\/div>\n\t\t\t\t<div class=\"elementor-element elementor-element-1d37f00 elementor-widget elementor-widget-text-editor\" data-id=\"1d37f00\" data-element_type=\"widget\" data-e-type=\"widget\" data-widget_type=\"text-editor.default\">\n\t\t\t\t\t\t\t\t\t<p data-path-to-node=\"7\">Der Versand ist f\u00fcr alle Bestellungen <b data-path-to-node=\"7\" data-index-in-node=\"38\">KOSTENLOS<\/b>.<\/p>\t\t\t\t\t\t\t\t<\/div>\n\t\t\t\t<div class=\"elementor-element elementor-element-afff1bb elementor-widget elementor-widget-heading\" data-id=\"afff1bb\" data-element_type=\"widget\" data-e-type=\"widget\" data-widget_type=\"heading.default\">\n\t\t\t\t\t<h3 class=\"elementor-heading-title elementor-size-default\">Liefervorgang<\/h3>\t\t\t\t<\/div>\n\t\t\t\t<div class=\"elementor-element elementor-element-4c6fc21 elementor-widget elementor-widget-text-editor\" data-id=\"4c6fc21\" data-element_type=\"widget\" data-e-type=\"widget\" data-widget_type=\"text-editor.default\">\n\t\t\t\t\t\t\t\t\t<p data-path-to-node=\"10\">Der Versand erfolgt mit <b data-path-to-node=\"10\" data-index-in-node=\"24\">GLS<\/b>, und wir liefern in alle L\u00e4nder innerhalb Europas.<\/p><ul><li data-path-to-node=\"11,0,0\">Sobald Ihre Bestellung versandt wurde, erhalten Sie einen Code zur Sendungsverfolgung (<b data-path-to-node=\"11,0,0\" data-index-in-node=\"87\">Track &amp; Trace<\/b>).<\/li><li data-path-to-node=\"11,1,0\">Bitte beachten Sie, dass exakte Lieferzeiten nicht immer garantiert werden k\u00f6nnen, da diese je nach Bestimmungsort variieren k\u00f6nnen.<\/li><\/ul><p data-path-to-node=\"12\">Wenn Sie Fragen zu Ihrer Lieferung haben, k\u00f6nnen Sie uns gerne unter <b data-path-to-node=\"12\" data-index-in-node=\"69\">support@eskey.eu<\/b> kontaktieren.<\/p>\t\t\t\t\t\t\t\t<\/div>\n\t\t\t\t\t<\/div>\n\t\t<\/div>\n\t\t\t\t<div class=\"elementor-column elementor-col-50 elementor-top-column elementor-element elementor-element-70cc5e0\" data-id=\"70cc5e0\" data-element_type=\"column\" data-e-type=\"column\">\n\t\t\t<div class=\"elementor-widget-wrap elementor-element-populated\">\n\t\t\t\t\t\t<div class=\"elementor-element elementor-element-4c5f6f7 elementor-widget elementor-widget-spacer\" data-id=\"4c5f6f7\" data-element_type=\"widget\" data-e-type=\"widget\" data-widget_type=\"spacer.default\">\n\t\t\t\t\t\t\t<div class=\"elementor-spacer\">\n\t\t\t<div class=\"elementor-spacer-inner\"><\/div>\n\t\t<\/div>\n\t\t\t\t\t\t<\/div>\n\t\t\t\t<div class=\"elementor-element elementor-element-936cc32 elementor-widget elementor-widget-image\" data-id=\"936cc32\" data-element_type=\"widget\" data-e-type=\"widget\" data-widget_type=\"image.default\">\n\t\t\t\t\t\t\t\t\t\t\t\t\t\t\t<img fetchpriority=\"high\" decoding=\"async\" width=\"523\" height=\"349\" src=\"https:\/\/eskey.eu\/wp-content\/uploads\/2025\/11\/gls_eskey_delivery.jpg\" class=\"attachment-large size-large wp-image-3921\" alt=\"\" srcset=\"https:\/\/eskey.eu\/wp-content\/uploads\/2025\/11\/gls_eskey_delivery.jpg 523w, https:\/\/eskey.eu\/wp-content\/uploads\/2025\/11\/gls_eskey_delivery-350x234.jpg 350w, https:\/\/eskey.eu\/wp-content\/uploads\/2025\/11\/gls_eskey_delivery-150x100.jpg 150w, https:\/\/eskey.eu\/wp-content\/uploads\/2025\/11\/gls_eskey_delivery-450x300.jpg 450w\" sizes=\"(max-width: 523px) 100vw, 523px\" \/>\t\t\t\t\t\t\t\t\t\t\t\t\t\t\t<\/div>\n\t\t\t\t\t<\/div>\n\t\t<\/div>\n\t\t\t\t\t<\/div>\n\t\t<\/section>\n\t\t\t\t<section class=\"elementor-section elementor-top-section elementor-element elementor-element-6ed2bfd elementor-section-boxed elementor-section-height-default elementor-section-height-default\" data-id=\"6ed2bfd\" data-element_type=\"section\" data-e-type=\"section\">\n\t\t\t\t\t\t<div class=\"elementor-container elementor-column-gap-default\">\n\t\t\t\t\t<div class=\"elementor-column elementor-col-100 elementor-top-column elementor-element elementor-element-9717d37\" data-id=\"9717d37\" data-element_type=\"column\" data-e-type=\"column\">\n\t\t\t<div class=\"elementor-widget-wrap elementor-element-populated\">\n\t\t\t\t\t\t<div class=\"elementor-element elementor-element-551a215 elementor-widget elementor-widget-spacer\" data-id=\"551a215\" data-element_type=\"widget\" data-e-type=\"widget\" data-widget_type=\"spacer.default\">\n\t\t\t\t\t\t\t<div class=\"elementor-spacer\">\n\t\t\t<div class=\"elementor-spacer-inner\"><\/div>\n\t\t<\/div>\n\t\t\t\t\t\t<\/div>\n\t\t\t\t<div class=\"elementor-element elementor-element-b15b9ec elementor-widget elementor-widget-heading\" data-id=\"b15b9ec\" data-element_type=\"widget\" data-e-type=\"widget\" data-widget_type=\"heading.default\">\n\t\t\t\t\t<h3 class=\"elementor-heading-title elementor-size-default\">R\u00fcckgaberecht<\/h3>\t\t\t\t<\/div>\n\t\t\t\t<div class=\"elementor-element elementor-element-9211a68 elementor-widget elementor-widget-text-editor\" data-id=\"9211a68\" data-element_type=\"widget\" data-e-type=\"widget\" data-widget_type=\"text-editor.default\">\n\t\t\t\t\t\t\t\t\t<p data-path-to-node=\"15\">Sie haben das Recht, Ihre Bestellung innerhalb von <b data-path-to-node=\"15\" data-index-in-node=\"51\">14 Tagen<\/b> nach Erhalt ohne Angabe von Gr\u00fcnden zu widerrufen. Nach dem Widerruf haben Sie weitere <b data-path-to-node=\"15\" data-index-in-node=\"147\">14 Tage<\/b> Zeit, um das Produkt zur\u00fcckzusenden. Bitte folgen Sie den untenstehenden Schritten, um von Ihrem Widerrufsrecht Gebrauch zu machen:<\/p><p data-path-to-node=\"16\"><b data-path-to-node=\"16\" data-index-in-node=\"0\">1. R\u00fccksendung anmelden<\/b> Informieren Sie uns \u00fcber Ihre R\u00fccksendung per E-Mail an <b data-path-to-node=\"16\" data-index-in-node=\"80\">support@eskey.eu<\/b> oder \u00fcber unser Kontaktformular.<\/p><p data-path-to-node=\"17\"><b data-path-to-node=\"17\" data-index-in-node=\"0\">2. Produkt zur\u00fccksenden<\/b> Senden Sie das Produkt innerhalb von 14 Tagen zur\u00fcck, einschlie\u00dflich aller mitgelieferten Zubeh\u00f6rteile sowie im Originalzustand und in der Originalverpackung.<\/p><p data-path-to-node=\"18\"><b data-path-to-node=\"18\" data-index-in-node=\"0\">3. Erstattung<\/b> Wir erstatten den vollen Rechnungsbetrag einschlie\u00dflich der urspr\u00fcnglichen Versandkosten innerhalb von 14 Tagen nach Erhalt Ihrer R\u00fccksendung. Die Kosten f\u00fcr die R\u00fccksendung tragen Sie selbst.<\/p><p data-path-to-node=\"19\"><b data-path-to-node=\"19\" data-index-in-node=\"0\">Wichtig<\/b> Wenn das Produkt besch\u00e4digt ist oder Gebrauchsspuren aufweist, die \u00fcber das zur Pr\u00fcfung des Artikels erforderliche Ma\u00df hinausgehen, kann eine Wertminderung in Rechnung gestellt werden.<\/p>\t\t\t\t\t\t\t\t<\/div>\n\t\t\t\t\t<\/div>\n\t\t<\/div>\n\t\t\t\t\t<\/div>\n\t\t<\/section>\n\t\t\t\t<\/div>\n\t\t","protected":false},"excerpt":{"rendered":"<p>Lieferzeit Wir tun unser Bestes, um Ihre Bestellung so schnell wie m\u00f6glich zu liefern. Bestellungen, die vor 15:00 Uhr eingehen, werden noch am selben Tag versandt. Die voraussichtliche Lieferzeit innerhalb Europas betr\u00e4gt 1-3 Werktage. Sollte es zu Verz\u00f6gerungen kommen, werden wir Sie so schnell wie m\u00f6glich informieren. Versandkosten Der Versand ist f\u00fcr alle Bestellungen KOSTENLOS. [&hellip;]<\/p>\n","protected":false},"author":1,"featured_media":0,"parent":0,"menu_order":0,"comment_status":"closed","ping_status":"closed","template":"","meta":{"footnotes":""},"class_list":["post-4246","page","type-page","status-publish","hentry"],"yoast_head":"<!-- This site is optimized with the Yoast SEO plugin v26.9 - https:\/\/yoast.com\/product\/yoast-seo-wordpress\/ -->\n<title>Versand &amp; R\u00fcckgabe - Eskey \u2013 Official\u00ae EU Webstore for Foldable Shopping Trolleys<\/title>\n<meta name=\"robots\" content=\"index, follow, max-snippet:-1, max-image-preview:large, max-video-preview:-1\" \/>\n<link rel=\"canonical\" href=\"https:\/\/eskey.eu\/de\/versand-rueckgabe\/\" \/>\n<meta property=\"og:locale\" content=\"de_DE\" \/>\n<meta property=\"og:type\" content=\"article\" \/>\n<meta property=\"og:title\" content=\"Versand &amp; R\u00fcckgabe - Eskey \u2013 Official\u00ae EU Webstore for Foldable Shopping Trolleys\" \/>\n<meta property=\"og:description\" content=\"Lieferzeit Wir tun unser Bestes, um Ihre Bestellung so schnell wie m\u00f6glich zu liefern. Bestellungen, die vor 15:00 Uhr eingehen, werden noch am selben Tag versandt. Die voraussichtliche Lieferzeit innerhalb Europas betr\u00e4gt 1-3 Werktage. Sollte es zu Verz\u00f6gerungen kommen, werden wir Sie so schnell wie m\u00f6glich informieren. Versandkosten Der Versand ist f\u00fcr alle Bestellungen KOSTENLOS. [&hellip;]\" \/>\n<meta property=\"og:url\" content=\"https:\/\/eskey.eu\/de\/versand-rueckgabe\/\" \/>\n<meta property=\"og:site_name\" content=\"Eskey \u2013 Official\u00ae EU Webstore for Foldable Shopping Trolleys\" \/>\n<meta property=\"article:publisher\" content=\"https:\/\/www.facebook.com\/profile.php?id=61572412692300\" \/>\n<meta property=\"article:modified_time\" content=\"2026-03-17T11:13:50+00:00\" \/>\n<meta property=\"og:image\" content=\"https:\/\/eskey.eu\/wp-content\/uploads\/2025\/11\/gls_eskey_delivery.jpg\" \/>\n\t<meta property=\"og:image:width\" content=\"523\" \/>\n\t<meta property=\"og:image:height\" content=\"349\" \/>\n\t<meta property=\"og:image:type\" content=\"image\/jpeg\" \/>\n<meta name=\"twitter:card\" content=\"summary_large_image\" \/>\n<meta name=\"twitter:label1\" content=\"Gesch\u00e4tzte Lesezeit\" \/>\n\t<meta name=\"twitter:data1\" content=\"2\u00a0Minuten\" \/>\n<script type=\"application\/ld+json\" class=\"yoast-schema-graph\">{\"@context\":\"https:\/\/schema.org\",\"@graph\":[{\"@type\":\"WebPage\",\"@id\":\"https:\/\/eskey.eu\/de\/versand-rueckgabe\/\",\"url\":\"https:\/\/eskey.eu\/de\/versand-rueckgabe\/\",\"name\":\"Versand & R\u00fcckgabe - Eskey \u2013 Official\u00ae EU Webstore for Foldable Shopping Trolleys\",\"isPartOf\":{\"@id\":\"https:\/\/eskey.eu\/#website\"},\"primaryImageOfPage\":{\"@id\":\"https:\/\/eskey.eu\/de\/versand-rueckgabe\/#primaryimage\"},\"image\":{\"@id\":\"https:\/\/eskey.eu\/de\/versand-rueckgabe\/#primaryimage\"},\"thumbnailUrl\":\"https:\/\/eskey.eu\/wp-content\/uploads\/2025\/11\/gls_eskey_delivery.jpg\",\"datePublished\":\"2025-11-23T15:20:10+00:00\",\"dateModified\":\"2026-03-17T11:13:50+00:00\",\"breadcrumb\":{\"@id\":\"https:\/\/eskey.eu\/de\/versand-rueckgabe\/#breadcrumb\"},\"inLanguage\":\"de\",\"potentialAction\":[{\"@type\":\"ReadAction\",\"target\":[\"https:\/\/eskey.eu\/de\/versand-rueckgabe\/\"]}]},{\"@type\":\"ImageObject\",\"inLanguage\":\"de\",\"@id\":\"https:\/\/eskey.eu\/de\/versand-rueckgabe\/#primaryimage\",\"url\":\"https:\/\/eskey.eu\/wp-content\/uploads\/2025\/11\/gls_eskey_delivery.jpg\",\"contentUrl\":\"https:\/\/eskey.eu\/wp-content\/uploads\/2025\/11\/gls_eskey_delivery.jpg\"},{\"@type\":\"BreadcrumbList\",\"@id\":\"https:\/\/eskey.eu\/de\/versand-rueckgabe\/#breadcrumb\",\"itemListElement\":[{\"@type\":\"ListItem\",\"position\":1,\"name\":\"Home\",\"item\":\"https:\/\/eskey.eu\/de\/\"},{\"@type\":\"ListItem\",\"position\":2,\"name\":\"Versand &#038; R\u00fcckgabe\"}]},{\"@type\":\"WebSite\",\"@id\":\"https:\/\/eskey.eu\/#website\",\"url\":\"https:\/\/eskey.eu\/\",\"name\":\"Eskey \u2013 Official\u00ae EU Webstore for Foldable Shopping Trolleys\",\"description\":\"\",\"publisher\":{\"@id\":\"https:\/\/eskey.eu\/#organization\"},\"potentialAction\":[{\"@type\":\"SearchAction\",\"target\":{\"@type\":\"EntryPoint\",\"urlTemplate\":\"https:\/\/eskey.eu\/?s={search_term_string}\"},\"query-input\":{\"@type\":\"PropertyValueSpecification\",\"valueRequired\":true,\"valueName\":\"search_term_string\"}}],\"inLanguage\":\"de\"},{\"@type\":\"Organization\",\"@id\":\"https:\/\/eskey.eu\/#organization\",\"name\":\"Eskey\u00ae Official \u2013 Stabile & Faltbare Einkaufstrolleys f\u00fcr den Alltag\",\"url\":\"https:\/\/eskey.eu\/\",\"logo\":{\"@type\":\"ImageObject\",\"inLanguage\":\"de\",\"@id\":\"https:\/\/eskey.eu\/#\/schema\/logo\/image\/\",\"url\":\"https:\/\/eskey.eu\/wp-content\/uploads\/2025\/11\/black.webp\",\"contentUrl\":\"https:\/\/eskey.eu\/wp-content\/uploads\/2025\/11\/black.webp\",\"width\":1600,\"height\":581,\"caption\":\"Eskey\u00ae Official \u2013 Stabile & Faltbare Einkaufstrolleys f\u00fcr den Alltag\"},\"image\":{\"@id\":\"https:\/\/eskey.eu\/#\/schema\/logo\/image\/\"},\"sameAs\":[\"https:\/\/www.facebook.com\/profile.php?id=61572412692300\"]}]}<\/script>\n<!-- \/ Yoast SEO plugin. -->","yoast_head_json":{"title":"Versand & R\u00fcckgabe - Eskey \u2013 Official\u00ae EU Webstore for Foldable Shopping Trolleys","robots":{"index":"index","follow":"follow","max-snippet":"max-snippet:-1","max-image-preview":"max-image-preview:large","max-video-preview":"max-video-preview:-1"},"canonical":"https:\/\/eskey.eu\/de\/versand-rueckgabe\/","og_locale":"de_DE","og_type":"article","og_title":"Versand & R\u00fcckgabe - Eskey \u2013 Official\u00ae EU Webstore for Foldable Shopping Trolleys","og_description":"Lieferzeit Wir tun unser Bestes, um Ihre Bestellung so schnell wie m\u00f6glich zu liefern. Bestellungen, die vor 15:00 Uhr eingehen, werden noch am selben Tag versandt. Die voraussichtliche Lieferzeit innerhalb Europas betr\u00e4gt 1-3 Werktage. Sollte es zu Verz\u00f6gerungen kommen, werden wir Sie so schnell wie m\u00f6glich informieren. Versandkosten Der Versand ist f\u00fcr alle Bestellungen KOSTENLOS. [&hellip;]","og_url":"https:\/\/eskey.eu\/de\/versand-rueckgabe\/","og_site_name":"Eskey \u2013 Official\u00ae EU Webstore for Foldable Shopping Trolleys","article_publisher":"https:\/\/www.facebook.com\/profile.php?id=61572412692300","article_modified_time":"2026-03-17T11:13:50+00:00","og_image":[{"width":523,"height":349,"url":"https:\/\/eskey.eu\/wp-content\/uploads\/2025\/11\/gls_eskey_delivery.jpg","type":"image\/jpeg"}],"twitter_card":"summary_large_image","twitter_misc":{"Gesch\u00e4tzte Lesezeit":"2\u00a0Minuten"},"schema":{"@context":"https:\/\/schema.org","@graph":[{"@type":"WebPage","@id":"https:\/\/eskey.eu\/de\/versand-rueckgabe\/","url":"https:\/\/eskey.eu\/de\/versand-rueckgabe\/","name":"Versand & R\u00fcckgabe - Eskey \u2013 Official\u00ae EU Webstore for Foldable Shopping Trolleys","isPartOf":{"@id":"https:\/\/eskey.eu\/#website"},"primaryImageOfPage":{"@id":"https:\/\/eskey.eu\/de\/versand-rueckgabe\/#primaryimage"},"image":{"@id":"https:\/\/eskey.eu\/de\/versand-rueckgabe\/#primaryimage"},"thumbnailUrl":"https:\/\/eskey.eu\/wp-content\/uploads\/2025\/11\/gls_eskey_delivery.jpg","datePublished":"2025-11-23T15:20:10+00:00","dateModified":"2026-03-17T11:13:50+00:00","breadcrumb":{"@id":"https:\/\/eskey.eu\/de\/versand-rueckgabe\/#breadcrumb"},"inLanguage":"de","potentialAction":[{"@type":"ReadAction","target":["https:\/\/eskey.eu\/de\/versand-rueckgabe\/"]}]},{"@type":"ImageObject","inLanguage":"de","@id":"https:\/\/eskey.eu\/de\/versand-rueckgabe\/#primaryimage","url":"https:\/\/eskey.eu\/wp-content\/uploads\/2025\/11\/gls_eskey_delivery.jpg","contentUrl":"https:\/\/eskey.eu\/wp-content\/uploads\/2025\/11\/gls_eskey_delivery.jpg"},{"@type":"BreadcrumbList","@id":"https:\/\/eskey.eu\/de\/versand-rueckgabe\/#breadcrumb","itemListElement":[{"@type":"ListItem","position":1,"name":"Home","item":"https:\/\/eskey.eu\/de\/"},{"@type":"ListItem","position":2,"name":"Versand &#038; R\u00fcckgabe"}]},{"@type":"WebSite","@id":"https:\/\/eskey.eu\/#website","url":"https:\/\/eskey.eu\/","name":"Eskey \u2013 Official\u00ae EU Webstore for Foldable Shopping Trolleys","description":"","publisher":{"@id":"https:\/\/eskey.eu\/#organization"},"potentialAction":[{"@type":"SearchAction","target":{"@type":"EntryPoint","urlTemplate":"https:\/\/eskey.eu\/?s={search_term_string}"},"query-input":{"@type":"PropertyValueSpecification","valueRequired":true,"valueName":"search_term_string"}}],"inLanguage":"de"},{"@type":"Organization","@id":"https:\/\/eskey.eu\/#organization","name":"Eskey\u00ae Official \u2013 Stabile & Faltbare Einkaufstrolleys f\u00fcr den Alltag","url":"https:\/\/eskey.eu\/","logo":{"@type":"ImageObject","inLanguage":"de","@id":"https:\/\/eskey.eu\/#\/schema\/logo\/image\/","url":"https:\/\/eskey.eu\/wp-content\/uploads\/2025\/11\/black.webp","contentUrl":"https:\/\/eskey.eu\/wp-content\/uploads\/2025\/11\/black.webp","width":1600,"height":581,"caption":"Eskey\u00ae Official \u2013 Stabile & Faltbare Einkaufstrolleys f\u00fcr den Alltag"},"image":{"@id":"https:\/\/eskey.eu\/#\/schema\/logo\/image\/"},"sameAs":["https:\/\/www.facebook.com\/profile.php?id=61572412692300"]}]}},"_hostinger_reach_plugin_has_subscription_block":false,"_hostinger_reach_plugin_is_elementor":false,"_links":{"self":[{"href":"https:\/\/eskey.eu\/de\/wp-json\/wp\/v2\/pages\/4246","targetHints":{"allow":["GET"]}}],"collection":[{"href":"https:\/\/eskey.eu\/de\/wp-json\/wp\/v2\/pages"}],"about":[{"href":"https:\/\/eskey.eu\/de\/wp-json\/wp\/v2\/types\/page"}],"author":[{"embeddable":true,"href":"https:\/\/eskey.eu\/de\/wp-json\/wp\/v2\/users\/1"}],"replies":[{"embeddable":true,"href":"https:\/\/eskey.eu\/de\/wp-json\/wp\/v2\/comments?post=4246"}],"version-history":[{"count":16,"href":"https:\/\/eskey.eu\/de\/wp-json\/wp\/v2\/pages\/4246\/revisions"}],"predecessor-version":[{"id":6835,"href":"https:\/\/eskey.eu\/de\/wp-json\/wp\/v2\/pages\/4246\/revisions\/6835"}],"wp:attachment":[{"href":"https:\/\/eskey.eu\/de\/wp-json\/wp\/v2\/media?parent=4246"}],"curies":[{"name":"wp","href":"https:\/\/api.w.org\/{rel}","templated":true}]}}